{"id":785,"date":"2023-12-06T13:30:35","date_gmt":"2023-12-06T13:30:35","guid":{"rendered":"https:\/\/skadarlake-tbr.org\/o-projektu\/project-partners\/"},"modified":"2023-12-19T10:59:24","modified_gmt":"2023-12-19T10:59:24","slug":"projektni-partneri","status":"publish","type":"page","link":"http:\/\/skadarlake-tbr.org\/bs\/o-projektu\/projektni-partneri\/","title":{"rendered":"Projektni partneri"},"content":{"rendered":"<ul>\n<li>EDEN je vode\u0107i aplikant u ovom projektu, i organizacija koja dolazi sa velikim iskustvom u upravljanju projektima i ekolo\u0161kim politikama i nau\u010dnim kapacitetima, dobrom mre\u017eom sa univerzitetima i stru\u010dnjacima u regionu i me\u0111unarodno, i svim ciljnim grupama, kao i u participativnim procesima.<br \/>\n<strong><a href=\"https:\/\/www.eden-al.org\/\">www.eden-al.org<\/a><\/strong><\/li>\n<\/ul>\n<p>&nbsp;<\/p>\n<ul>\n<li>EnvPro je partner na ovom projektu u Crnoj Gori, a projektnom timu donose\u0107i globalnu i lokalnu ekspertizu u metodama, alatima i pristupima za savremeni UNESCO MAB BR program i lokacije izvrsnosti, kao i iskustvo u multisektorskim i participativnim procesima, te znanja u upravljanju za\u0161ti\u0107enim podru\u010djima, monitoringu i komunikacionim programima.<br \/>\n<strong><a href=\"https:\/\/envpro.me\">envpro.me<\/a><\/strong><\/li>\n<\/ul>\n<p>&nbsp;<\/p>\n<ul>\n<li>Javno preduze\u0107e Nacionalni parkovi Crne Gore (PENPM) je partner u Crnoj Gori, kao institucija zadu\u017eena za upravljanje nacionalnim parkovima u Crnoj Gori, uklju\u010duju\u0107i i Skadarsko jezero, i u ovom projektu u\u010destvuje u svim projektnim aktivnostima i vodi aktivnosti vezane za konzervaciju.<br \/>\n<strong><a href=\"https:\/\/nparkovi.me\">nparkovi.me<\/a><\/strong><\/li>\n<\/ul>\n<p>&nbsp;<\/p>\n<ul>\n<li>Regionalni direktorat Skadra\/Nacionalna agencija za za\u0161ti\u0107ena podru\u010dja u Albaniji (NAPA) je partner u Albaniji, institucija zadu\u017eena za upravljanje za\u0161ti\u0107enim podru\u010djima, bi\u0107e klju\u010dni konstituent cjelokupnog procesa, ali \u0107e tako\u0111e imati vode\u0107u ulogu u podr\u0161ci programima monitoringa, i sprovo\u0111enju konzervatorskih aktivnosti.<br \/>\n<strong><a href=\"https:\/\/akzm.gov.al\/\">akzm.gov.al<\/a><\/strong><\/li>\n<\/ul>\n<p>&nbsp;<\/p>\n<ul>\n<li>Ministarstvo turizma, ekologije, odr\u017eivog razvoja i razvoja sjevera je pridru\u017eeni partner sa crnogorske strane, i vr\u0161i poslove uprave koji se odnose na: pripremu i pra\u0107enje propisa i strate\u0161ko planiranje sistema u oblasti turizma, ekologije, odr\u017eivog razvoja i razvoja sjevera.<br \/>\n<strong><a href=\"https:\/\/www.gov.me\/mert\">www.gov.me\/mert<\/a><\/strong><\/li>\n<\/ul>\n<p>&nbsp;<\/p>\n<ul>\n<li>Agencija za za\u0161titu \u017eivotne sredine Crne Gore je pridru\u017eeni partner sa crnogorske strane. \u00a0Agencija vr\u0161i stru\u010dne i sa njima povezane upravne poslove iz oblasti za\u0161tite \u017eivotne sredine, i to monitoring \u017eivotne sredine, izra\u0111uje analize i izvje\u0161taje, izdaje dozvole i ostvaruje komunikaciju sa relevantnim doma\u0107im i me\u0111unarodnim organima i organizacijama, kao i sa javno\u0161\u0107u.<br \/>\n<strong><a href=\"https:\/\/epa.org.me\/\">epa.org.me<\/a><\/strong><\/li>\n<\/ul>\n<p>&nbsp;<\/p>\n<ul>\n<li>Ministarstvo turizma i \u017eivotne sredine Albanije (MoTE)<br \/>\n<strong><a href=\"https:\/\/turizmi.gov.al\/\">turizmi.gov.al<\/a><\/strong><\/li>\n<\/ul>\n<p>&nbsp;<\/p>\n<p style=\"padding-left: 40px;\"><strong>Donatori<\/strong><\/p>\n<p style=\"padding-left: 40px;\">Ovaj projekat finansira EU, kroz Program prekograni\u010dne saradnje Crna Gora Albanija 2014-2020.<br \/>\n<strong><a href=\"https:\/\/www.cbc-mne-alb.org\/\">www.cbc-mne-alb.org<\/a><\/strong><\/p>\n<p>&nbsp;<\/p>\n<p><img loading=\"lazy\" decoding=\"async\" class=\"aligncenter size-full wp-image-762\" src=\"http:\/\/skadarlake-tbr.org\/wp-content\/uploads\/2023\/12\/rollup-skadar-lake-scaled.jpg\" alt=\"\" width=\"2560\" height=\"980\" srcset=\"http:\/\/skadarlake-tbr.org\/wp-content\/uploads\/2023\/12\/rollup-skadar-lake-scaled.jpg 2560w, http:\/\/skadarlake-tbr.org\/wp-content\/uploads\/2023\/12\/rollup-skadar-lake-300x115.jpg 300w, http:\/\/skadarlake-tbr.org\/wp-content\/uploads\/2023\/12\/rollup-skadar-lake-1024x392.jpg 1024w\" sizes=\"auto, (max-width: 2560px) 100vw, 2560px\" \/><\/p>\n","protected":false},"excerpt":{"rendered":"<p>EDEN je vode\u0107i aplikant u ovom projektu, i organizacija koja dolazi sa velikim iskustvom u upravljanju projektima i ekolo\u0161kim politikama i nau\u010dnim kapacitetima, dobrom mre\u017eom sa univerzitetima i stru\u010dnjacima u regionu i me\u0111unarodno, i svim ciljnim grupama, kao i u participativnim procesima. www.eden-al.org &nbsp; EnvPro je partner na ovom projektu u Crnoj Gori, a projektnom&#8230;<\/p>\n","protected":false},"author":1,"featured_media":464,"parent":614,"menu_order":2,"comment_status":"closed","ping_status":"closed","template":"","meta":{"om_disable_all_campaigns":false,"_monsterinsights_skip_tracking":false,"_monsterinsights_sitenote_active":false,"_monsterinsights_sitenote_note":"","_monsterinsights_sitenote_category":0,"_uf_show_specific_survey":0,"_uf_disable_surveys":false,"footnotes":""},"categories":[23],"tags":[],"class_list":["post-785","page","type-page","status-publish","has-post-thumbnail","hentry","category-o-projektu"],"acf":[],"aioseo_notices":[],"_links":{"self":[{"href":"http:\/\/skadarlake-tbr.org\/bs\/wp-json\/wp\/v2\/pages\/785","targetHints":{"allow":["GET"]}}],"collection":[{"href":"http:\/\/skadarlake-tbr.org\/bs\/wp-json\/wp\/v2\/pages"}],"about":[{"href":"http:\/\/skadarlake-tbr.org\/bs\/wp-json\/wp\/v2\/types\/page"}],"author":[{"embeddable":true,"href":"http:\/\/skadarlake-tbr.org\/bs\/wp-json\/wp\/v2\/users\/1"}],"replies":[{"embeddable":true,"href":"http:\/\/skadarlake-tbr.org\/bs\/wp-json\/wp\/v2\/comments?post=785"}],"version-history":[{"count":2,"href":"http:\/\/skadarlake-tbr.org\/bs\/wp-json\/wp\/v2\/pages\/785\/revisions"}],"predecessor-version":[{"id":787,"href":"http:\/\/skadarlake-tbr.org\/bs\/wp-json\/wp\/v2\/pages\/785\/revisions\/787"}],"up":[{"embeddable":true,"href":"http:\/\/skadarlake-tbr.org\/bs\/wp-json\/wp\/v2\/pages\/614"}],"wp:featuredmedia":[{"embeddable":true,"href":"http:\/\/skadarlake-tbr.org\/bs\/wp-json\/wp\/v2\/media\/464"}],"wp:attachment":[{"href":"http:\/\/skadarlake-tbr.org\/bs\/wp-json\/wp\/v2\/media?parent=785"}],"wp:term":[{"taxonomy":"category","embeddable":true,"href":"http:\/\/skadarlake-tbr.org\/bs\/wp-json\/wp\/v2\/categories?post=785"},{"taxonomy":"post_tag","embeddable":true,"href":"http:\/\/skadarlake-tbr.org\/bs\/wp-json\/wp\/v2\/tags?post=785"}],"curies":[{"name":"wp","href":"https:\/\/api.w.org\/{rel}","templated":true}]}}