{"id":788,"date":"2023-12-06T18:00:53","date_gmt":"2023-12-06T18:00:53","guid":{"rendered":"https:\/\/skadarlake-tbr.org\/o-projektu\/unesco-man-and-biosphere-programme\/"},"modified":"2023-12-19T11:11:50","modified_gmt":"2023-12-19T11:11:50","slug":"unesco-program-covjek-i-biosfera","status":"publish","type":"page","link":"http:\/\/skadarlake-tbr.org\/bs\/o-projektu\/unesco-program-covjek-i-biosfera\/","title":{"rendered":"UNESCO program \u010covjek i biosfera"},"content":{"rendered":"<p><img loading=\"lazy\" decoding=\"async\" class=\"krug wp-image-666 alignleft\" src=\"http:\/\/skadarlake-tbr.org\/wp-content\/uploads\/2023\/12\/aerial-view-of-tourists-on-paddleboards-in-rijeka-2023-11-27-05-11-36-utc-1-scaled-e1702898951202.jpg\" alt=\"\" width=\"153\" height=\"153\" srcset=\"http:\/\/skadarlake-tbr.org\/wp-content\/uploads\/2023\/12\/aerial-view-of-tourists-on-paddleboards-in-rijeka-2023-11-27-05-11-36-utc-1-scaled-e1702898951202.jpg 1433w, http:\/\/skadarlake-tbr.org\/wp-content\/uploads\/2023\/12\/aerial-view-of-tourists-on-paddleboards-in-rijeka-2023-11-27-05-11-36-utc-1-scaled-e1702898951202-300x300.jpg 300w, http:\/\/skadarlake-tbr.org\/wp-content\/uploads\/2023\/12\/aerial-view-of-tourists-on-paddleboards-in-rijeka-2023-11-27-05-11-36-utc-1-scaled-e1702898951202-1024x1024.jpg 1024w, http:\/\/skadarlake-tbr.org\/wp-content\/uploads\/2023\/12\/aerial-view-of-tourists-on-paddleboards-in-rijeka-2023-11-27-05-11-36-utc-1-scaled-e1702898951202-150x150.jpg 150w\" sizes=\"auto, (max-width: 153px) 100vw, 153px\" \/><\/p>\n<p>Organizacija Ujedinjenih nacija za obrazovanje, nauku i kulturu (UNESCO) je 1970. godine pokrenula program &#8216;\u010covjek i biosfera&#8217;, kao svojevrsni me\u0111udr\u017eavni nau\u010dni program koji isti\u010de va\u017enost uspostavljanja ravnote\u017ee izme\u0111u o\u010duvanja raznovrsnosti biodiverziteta sa jedne strane i razvojnih potreba lokalne zajednice s druge strane.<\/p>\n<p>U sklopu ovog Programa, uspostavljena je svjetska mre\u017ea rezervata biosfere, kao me\u0111unarodno priznatih podru\u010dja koja promovi\u0161u rje\u0161enja za skladan odnos izme\u0111u za\u0161tite biodiverziteta i njegovog odr\u017eivog kori\u0161tenja, kroz ispunjavanje tri osnovne funkcije rezervata biosfere:<\/p>\n<ul>\n<li><strong>Za\u0161titna funkcija \u2013 rezervati doprinose o\u010duvanju pejza\u017ea, ekosistema, vrsta i genetske raznovrsnosti;<\/strong><\/li>\n<li><strong>Razvojna funkcija \u2013 rezervati podsti\u010du ekonomski i dru\u0161tveni razvoj koji je socio-kulturolo\u0161ki i ekolo\u0161ki odr\u017eiv;<\/strong><\/li>\n<li><strong>Logisti\u010dka funkcija \u2013 rezervati osiguravaju podr\u0161ku istra\u017eivanju, pra\u0107enju stanja, edukaciji i razmjeni informacija o za\u0161titi i odr\u017eivom razvoju.<\/strong><\/li>\n<\/ul>\n<p><img loading=\"lazy\" decoding=\"async\" class=\"krug alignleft wp-image-674\" src=\"http:\/\/skadarlake-tbr.org\/wp-content\/uploads\/2023\/12\/skadar-lake-park-2023-11-27-05-03-02-utc-1-scaled-e1702899422635.jpg\" alt=\"\" width=\"153\" height=\"153\" srcset=\"http:\/\/skadarlake-tbr.org\/wp-content\/uploads\/2023\/12\/skadar-lake-park-2023-11-27-05-03-02-utc-1-scaled-e1702899422635.jpg 1750w, http:\/\/skadarlake-tbr.org\/wp-content\/uploads\/2023\/12\/skadar-lake-park-2023-11-27-05-03-02-utc-1-scaled-e1702899422635-300x300.jpg 300w, http:\/\/skadarlake-tbr.org\/wp-content\/uploads\/2023\/12\/skadar-lake-park-2023-11-27-05-03-02-utc-1-scaled-e1702899422635-1024x1024.jpg 1024w, http:\/\/skadarlake-tbr.org\/wp-content\/uploads\/2023\/12\/skadar-lake-park-2023-11-27-05-03-02-utc-1-scaled-e1702899422635-150x150.jpg 150w\" sizes=\"auto, (max-width: 153px) 100vw, 153px\" \/><\/p>\n<p>\u010covjek i biosfera program je me\u0111u prvima u svijetu isticao va\u017enost uspostvljanja ravnote\u017ee izme\u0111u o\u010duvanja biolo\u0161ke raznolikosti s jedne strane i razvojnih potreba lokalne zajednice s druge strane, zbog \u010dega je i podr\u017ean od strane Svjetskog kongresa parkova, a danas uveliko doprinosi i primjeni Konvencije o biolo\u0161koj raznolikosti, te UN-ovim Milenijskim ciljevima razvoja.<\/p>\n<p>Osnovni zadatak u upravljanju rezervatom biosfere je uspostavljanje uske saradnje razli\u010ditih stru\u010dnjaka i skupina ljudi oko planiranja za\u0161tite i razvoja podru\u010dja, tj. nau\u010dnika i eksperata iz sfere prirodnih i dru\u0161tvenih nauka, aktera iz sektora za\u0161tite \u017eivotne sredine, predstavnika javnog sektora te \u010dlanova lokalne zajednice.<\/p>\n<p>Vi\u0161e detalja o procesu dezignacije u okviru UNESCO \u010covjek i biosfera programa se mo\u017ee na\u0107i na:<br \/>\n<strong><a href=\"https:\/\/en.unesco.org\/biosphere\/designation\" target=\"_blank\" rel=\"noopener\">en.unesco.org\/biosphere\/designation<\/a><\/strong><\/p>\n","protected":false},"excerpt":{"rendered":"<p>Organizacija Ujedinjenih nacija za obrazovanje, nauku i kulturu (UNESCO) je 1970. godine pokrenula program &#8216;\u010covjek i biosfera&#8217;, kao svojevrsni me\u0111udr\u017eavni nau\u010dni program koji isti\u010de va\u017enost uspostavljanja ravnote\u017ee izme\u0111u o\u010duvanja raznovrsnosti biodiverziteta sa jedne strane i razvojnih potreba lokalne zajednice s druge strane. U sklopu ovog Programa, uspostavljena je svjetska mre\u017ea rezervata biosfere, kao me\u0111unarodno priznatih&#8230;<\/p>\n","protected":false},"author":1,"featured_media":506,"parent":614,"menu_order":3,"comment_status":"closed","ping_status":"closed","template":"","meta":{"om_disable_all_campaigns":false,"_monsterinsights_skip_tracking":false,"_monsterinsights_sitenote_active":false,"_monsterinsights_sitenote_note":"","_monsterinsights_sitenote_category":0,"_uf_show_specific_survey":0,"_uf_disable_surveys":false,"footnotes":""},"categories":[23],"tags":[],"class_list":["post-788","page","type-page","status-publish","has-post-thumbnail","hentry","category-o-projektu"],"acf":[],"aioseo_notices":[],"_links":{"self":[{"href":"http:\/\/skadarlake-tbr.org\/bs\/wp-json\/wp\/v2\/pages\/788","targetHints":{"allow":["GET"]}}],"collection":[{"href":"http:\/\/skadarlake-tbr.org\/bs\/wp-json\/wp\/v2\/pages"}],"about":[{"href":"http:\/\/skadarlake-tbr.org\/bs\/wp-json\/wp\/v2\/types\/page"}],"author":[{"embeddable":true,"href":"http:\/\/skadarlake-tbr.org\/bs\/wp-json\/wp\/v2\/users\/1"}],"replies":[{"embeddable":true,"href":"http:\/\/skadarlake-tbr.org\/bs\/wp-json\/wp\/v2\/comments?post=788"}],"version-history":[{"count":2,"href":"http:\/\/skadarlake-tbr.org\/bs\/wp-json\/wp\/v2\/pages\/788\/revisions"}],"predecessor-version":[{"id":790,"href":"http:\/\/skadarlake-tbr.org\/bs\/wp-json\/wp\/v2\/pages\/788\/revisions\/790"}],"up":[{"embeddable":true,"href":"http:\/\/skadarlake-tbr.org\/bs\/wp-json\/wp\/v2\/pages\/614"}],"wp:featuredmedia":[{"embeddable":true,"href":"http:\/\/skadarlake-tbr.org\/bs\/wp-json\/wp\/v2\/media\/506"}],"wp:attachment":[{"href":"http:\/\/skadarlake-tbr.org\/bs\/wp-json\/wp\/v2\/media?parent=788"}],"wp:term":[{"taxonomy":"category","embeddable":true,"href":"http:\/\/skadarlake-tbr.org\/bs\/wp-json\/wp\/v2\/categories?post=788"},{"taxonomy":"post_tag","embeddable":true,"href":"http:\/\/skadarlake-tbr.org\/bs\/wp-json\/wp\/v2\/tags?post=788"}],"curies":[{"name":"wp","href":"https:\/\/api.w.org\/{rel}","templated":true}]}}