{"id":1160,"date":"2023-12-07T15:07:17","date_gmt":"2023-12-07T15:07:17","guid":{"rendered":"https:\/\/skadarlake-tbr.org\/burimet\/documents\/"},"modified":"2024-01-30T11:03:43","modified_gmt":"2024-01-30T11:03:43","slug":"dokumentet","status":"publish","type":"page","link":"http:\/\/skadarlake-tbr.org\/sq\/burimet\/dokumentet\/","title":{"rendered":"Dokumentet"},"content":{"rendered":"<section class=\"l-section wpb_row us_custom_2010c3da height_custom\"><div class=\"l-section-h i-cf\"><div class=\"g-cols vc_row via_grid cols_1 laptops-cols_inherit tablets-cols_inherit mobiles-cols_1 valign_top type_default stacking_default\"><div class=\"wpb_column vc_column_container\"><div class=\"vc_column-inner\"><div class=\"w-tabs style_default switch_click accordion has_scrolling\" style=\"--sections-title-size:inherit\"><div class=\"w-tabs-sections titles-align_none icon_chevron cpos_right\"><div class=\"w-tabs-section\" id=\"v7df\"><button class=\"w-tabs-section-header\" aria-controls=\"content-v7df\" aria-expanded=\"false\"><div class=\"w-tabs-section-title\">Citizens` Survey Baseline Report 2023<\/div><div class=\"w-tabs-section-control\"><\/div><\/button><div  class=\"w-tabs-section-content\" id=\"content-v7df\"><div class=\"w-tabs-section-content-h i-cf\"><div class=\"wpb_text_column\"><div class=\"wpb_wrapper\"><p><strong>PUBLIKOHET SONDAZHI I PAR\u00cb I OPINIONIT PUBLIK N\u00cb ZON\u00cbN NDERKUFITARE AL-MNE!<\/strong><\/p>\n<p><em>\u00c7far\u00eb mendojn\u00eb qytetar\u00ebt n\u00eb k\u00ebto territore p\u00ebr p\u00ebrfitimet dhe sfidat e tyre jet\u00ebsore?<br \/>\nSi e shohin ata vendin e tyre si nj\u00eb Rezerv\u00eb Biosphere Nd\u00ebrkufitare e ardhshme e UNESCO-s?<\/em><\/p>\n<p>Ky informacion dhe shum\u00eb m\u00eb tep\u00ebr, tani jan\u00eb n\u00eb dispozicion p\u00ebr t\u00eb gjith\u00eb aktor\u00ebt e interesuar p\u00ebrmes raportit fillestar t\u00eb sondazhit publik, dokumentit t\u00eb par\u00eb t\u00eb publikuar nga projekti yn\u00eb.<\/p>\n<p>Sondazhi i Opinionit Publik u krye gjat\u00eb periudh\u00ebs gusht-shtator 2023 n\u00eb zon\u00ebn nd\u00ebrkufitare Shqip\u00ebri-Mali i Zi. N\u00eb sondazh mor\u00ebn pjes\u00eb 355 banor\u00eb t\u00eb cil\u00ebt jan\u00eb shp\u00ebrndar\u00eb n\u00eb m\u00ebnyr\u00eb t\u00eb rast\u00ebsishme n\u00eb 10 bashki dhe 124 nj\u00ebsit\u00eb e tyre (fshatra\/qytete\/komuna etj.). Analiza dhe interpretimi i t\u00eb dh\u00ebnave rezultuan n\u00eb gjetje interesante. N\u00eb raport ato paraqiten n\u00eb grafik\u00eb, analiza t\u00eb nd\u00ebrlidhura dhe grafik\u00eb vizual\u00eb, dhe p\u00ebrshkruhen me interpretim dhe jo vet\u00ebm me rr\u00ebfim figurash.<\/p>\n<p>84.9% e t\u00eb anketuarve kan\u00eb jetuar pran\u00eb liqenit t\u00eb Shkodr\u00ebs dhe lumenjve t\u00eb tij q\u00eb nga lindja e tyre dhe 65% kan\u00eb deklaruar se u p\u00eblqen p\u00ebrfundimisht t\u00eb jetojn\u00eb atje. Af\u00ebrsia me kufirin Shqip\u00ebri-Mali i Zi konsiderohet p\u00ebr shumic\u00ebn e qytetar\u00ebve (80% e tyre) si pozitive dhe nj\u00eb mund\u00ebsi n\u00eb jet\u00ebn e tyre. Ajri i past\u00ebr, natyra e bukur dhe ushqimi i mir\u00eb jan\u00eb identifikuar si atraksionet m\u00eb t\u00eb m\u00ebdha turistike t\u00eb zon\u00ebs. Aktivitetet e ekoturizmit p\u00ebrmenden si biznese potenciale t\u00eb s\u00eb ardhmes q\u00eb vendasit do t\u00eb donin t\u00eb investonin p\u00ebr jet\u00ebn e tyre t\u00eb ardhshme ekonomike. 70% e t\u00eb anketuarve do t\u00eb d\u00ebshironin q\u00eb fshati\/zona e tyre t\u00eb b\u00ebhej pjes\u00eb e Rezerv\u00ebs s\u00eb Biosfer\u00ebs. 26% e pjes\u00ebmarr\u00ebsve nuk jan\u00eb t\u00eb interesuar dhe vet\u00ebm 4% e pjes\u00ebmarr\u00ebsve nuk do t\u00eb d\u00ebshironin q\u00eb fshati\/zona e tyre t\u00eb b\u00ebhej pjes\u00eb e Rezerv\u00ebs s\u00eb Biosfer\u00ebs.<\/p>\n<p><em>Ju ftojm\u00eb t\u00eb lexoni m\u00eb shum\u00eb n\u00eb raport, t\u00eb merrni m\u00eb t\u00eb mir\u00ebn nga k\u00ebto shifra dhe t&#8217;i p\u00ebrdorni ato p\u00ebr interpretimet tuaja!<\/em><\/p>\n<p><strong><a href=\"http:\/\/skadarlake-tbr.org\/wp-content\/uploads\/2024\/01\/Citizens-Survey_Baseline-Report_2023.pdf\">Citizens` Survey_Baseline Report_2023 (PDF)<\/a><\/strong><\/p>\n<\/div><\/div><\/div><\/div><\/div><\/div><\/div><\/div><\/div><\/div><\/div><\/section>\n","protected":false},"excerpt":{"rendered":"Citizens` Survey Baseline Report 2023PUBLIKOHET SONDAZHI I PAR\u00cb I OPINIONIT PUBLIK N\u00cb ZON\u00cbN NDERKUFITARE AL-MNE! \u00c7far\u00eb mendojn\u00eb qytetar\u00ebt n\u00eb k\u00ebto territore p\u00ebr p\u00ebrfitimet dhe sfidat e tyre jet\u00ebsore? Si e shohin ata vendin e tyre si nj\u00eb Rezerv\u00eb Biosphere Nd\u00ebrkufitare e ardhshme e UNESCO-s? Ky informacion dhe shum\u00eb m\u00eb tep\u00ebr, tani jan\u00eb n\u00eb dispozicion p\u00ebr...","protected":false},"author":1,"featured_media":491,"parent":843,"menu_order":4,"comment_status":"closed","ping_status":"closed","template":"","meta":{"om_disable_all_campaigns":false,"_monsterinsights_skip_tracking":false,"_monsterinsights_sitenote_active":false,"_monsterinsights_sitenote_note":"","_monsterinsights_sitenote_category":0,"_uf_show_specific_survey":0,"_uf_disable_surveys":false,"footnotes":""},"categories":[28],"tags":[],"class_list":["post-1160","page","type-page","status-publish","has-post-thumbnail","hentry","category-resources-sq"],"acf":[],"aioseo_notices":[],"_links":{"self":[{"href":"http:\/\/skadarlake-tbr.org\/sq\/wp-json\/wp\/v2\/pages\/1160","targetHints":{"allow":["GET"]}}],"collection":[{"href":"http:\/\/skadarlake-tbr.org\/sq\/wp-json\/wp\/v2\/pages"}],"about":[{"href":"http:\/\/skadarlake-tbr.org\/sq\/wp-json\/wp\/v2\/types\/page"}],"author":[{"embeddable":true,"href":"http:\/\/skadarlake-tbr.org\/sq\/wp-json\/wp\/v2\/users\/1"}],"replies":[{"embeddable":true,"href":"http:\/\/skadarlake-tbr.org\/sq\/wp-json\/wp\/v2\/comments?post=1160"}],"version-history":[{"count":2,"href":"http:\/\/skadarlake-tbr.org\/sq\/wp-json\/wp\/v2\/pages\/1160\/revisions"}],"predecessor-version":[{"id":1162,"href":"http:\/\/skadarlake-tbr.org\/sq\/wp-json\/wp\/v2\/pages\/1160\/revisions\/1162"}],"up":[{"embeddable":true,"href":"http:\/\/skadarlake-tbr.org\/sq\/wp-json\/wp\/v2\/pages\/843"}],"wp:featuredmedia":[{"embeddable":true,"href":"http:\/\/skadarlake-tbr.org\/sq\/wp-json\/wp\/v2\/media\/491"}],"wp:attachment":[{"href":"http:\/\/skadarlake-tbr.org\/sq\/wp-json\/wp\/v2\/media?parent=1160"}],"wp:term":[{"taxonomy":"category","embeddable":true,"href":"http:\/\/skadarlake-tbr.org\/sq\/wp-json\/wp\/v2\/categories?post=1160"},{"taxonomy":"post_tag","embeddable":true,"href":"http:\/\/skadarlake-tbr.org\/sq\/wp-json\/wp\/v2\/tags?post=1160"}],"curies":[{"name":"wp","href":"https:\/\/api.w.org\/{rel}","templated":true}]}}