{"id":817,"date":"2023-12-06T12:15:12","date_gmt":"2023-12-06T12:15:12","guid":{"rendered":"https:\/\/skadarlake-tbr.org\/project-description\/"},"modified":"2023-12-19T15:12:34","modified_gmt":"2023-12-19T15:12:34","slug":"project-description","status":"publish","type":"page","link":"http:\/\/skadarlake-tbr.org\/sq\/rreth-projektit\/project-description\/","title":{"rendered":"P\u00ebrshkrimi i projektit"},"content":{"rendered":"<p><strong>Projekti:<\/strong> Pellgu Uj\u00ebmbledh\u00ebs i Liqenit t\u00eb Shkodr\u00ebs &#8211; Nj\u00eb Rezerv\u00eb Biosfere Nd\u00ebrkufitare<br \/>\n<strong>Nr. i referenc\u00ebs:<\/strong> CFCU\/MNE\/222<br \/>\n<strong>Programi:<\/strong> Programi i Bashk\u00ebpunimit Nd\u00ebrkufitar IPA Mal i Zi dhe Shqip\u00ebri<\/p>\n<p><img loading=\"lazy\" decoding=\"async\" class=\"krug alignleft wp-image-658 \" src=\"http:\/\/skadarlake-tbr.org\/wp-content\/uploads\/2023\/12\/Near-Rijeka-Crnojevica-Montenegro-1-scaled-e1702897191729.jpg\" alt=\"\" width=\"226\" height=\"226\" srcset=\"http:\/\/skadarlake-tbr.org\/wp-content\/uploads\/2023\/12\/Near-Rijeka-Crnojevica-Montenegro-1-scaled-e1702897191729.jpg 1706w, http:\/\/skadarlake-tbr.org\/wp-content\/uploads\/2023\/12\/Near-Rijeka-Crnojevica-Montenegro-1-scaled-e1702897191729-300x300.jpg 300w, http:\/\/skadarlake-tbr.org\/wp-content\/uploads\/2023\/12\/Near-Rijeka-Crnojevica-Montenegro-1-scaled-e1702897191729-1024x1024.jpg 1024w, http:\/\/skadarlake-tbr.org\/wp-content\/uploads\/2023\/12\/Near-Rijeka-Crnojevica-Montenegro-1-scaled-e1702897191729-150x150.jpg 150w\" sizes=\"auto, (max-width: 226px) 100vw, 226px\" \/>Vlerat e larta t\u00eb biodiversitetit t\u00eb pellgut uj\u00ebmbledh\u00ebs t\u00eb Liqenit t\u00eb Shkodr\u00ebs, i cili ndahet midis Shqip\u00ebris\u00eb dhe Malit t\u00eb Zi, jan\u00eb konfirmuar brenda statusit t\u00eb tij komb\u00ebtar dhe nd\u00ebrkomb\u00ebtar t\u00eb mbrojtjes. Megjithat\u00eb, p\u00ebrkund\u00ebr vlerave t\u00eb larta natyrore dhe mbrojtjes, zona k\u00ebrc\u00ebnohet ndjesh\u00ebm nga zhvillimi i shpejt\u00eb i paq\u00ebndruesh\u00ebm, aktivitetet e paplanifikuara dhe t\u00eb paligjshme dhe mungesa e menaxhimit t\u00eb integruar nd\u00ebrkufitar dhe vlerave t\u00eb p\u00ebrbashk\u00ebta p\u00ebr planifikim t\u00eb p\u00ebrbashk\u00ebt. Duke kuptuar se nevojiten masa urgjente p\u00ebr harmonizimin e ruajtjes dhe zhvillimit, duke p\u00ebrfshir\u00eb pal\u00ebt e interesuara t\u00eb zon\u00ebs n\u00eb planifikim dhe menaxhim, vendet kan\u00eb filluar p\u00ebrcaktimin e zon\u00ebs si zon\u00eb UNESCO n\u00eb kategorin\u00eb Rezerv\u00eb Biosfere Nd\u00ebrkufitare.<\/p>\n<p>Projekti synon t\u00eb sjell\u00eb ndikim pozitiv n\u00eb ekosistemin e r\u00ebnd\u00ebsish\u00ebm nd\u00ebrkufitar t\u00eb ndar\u00eb midis Shqip\u00ebris\u00eb dhe Malit t\u00eb Zi p\u00ebr t\u00eb menaxhuar n\u00eb m\u00ebnyr\u00eb t\u00eb q\u00ebndrueshme dhe bashk\u00ebpunuese zon\u00ebn n\u00eb dobi t\u00eb komuniteteve dhe t\u00eb vet\u00eb natyr\u00ebs, gjithashtu n\u00eb p\u00ebrputhje me kushtet e Programit t\u00eb UNESCO-s p\u00ebr Njeriun dhe Biosfer\u00ebn.<\/p>\n<p><strong><u>Objektivat specifik\u00eb t\u00eb projektit jan\u00eb<\/u>:<\/strong><\/p>\n<ol>\n<li><strong>T\u00eb nxis\u00eb bashk\u00ebpunimin p\u00ebr p\u00ebrcaktimin e Pellgut Uj\u00ebmbledh\u00ebs t\u00eb Liqenit t\u00eb Shkodr\u00ebs si zon\u00eb UNESCO Rezerv\u00eb Biosfer\u00eb Nd\u00ebrkufitare dhe <\/strong><\/li>\n<li><strong>T\u00eb p\u00ebrmir\u00ebsoj\u00eb objektivat e ruajtjes s\u00eb biodiversitetit dhe monitorimin e statusit ekologjik dhe k\u00ebrc\u00ebnimeve n\u00eb kufijt\u00eb e zon\u00ebs UNESCO Rezerv\u00eb Biosfer\u00eb Nd\u00ebrkufitare t\u00eb cilat do t\u00eb arrihen duke zhvilluar aksione restaurimi dhe duke bler\u00eb pajisje t\u00eb reja monitorimi p\u00ebr autoritetet e zonave t\u00eb mbrojtura.<\/strong><\/li>\n<\/ol>\n<p>&nbsp;<\/p>\n<p><img loading=\"lazy\" decoding=\"async\" class=\"krug alignleft wp-image-662 \" src=\"http:\/\/skadarlake-tbr.org\/wp-content\/uploads\/2023\/12\/the-river-from-the-walls-of-rozafa-castle-and-its-2023-11-27-05-09-59-utc-1-scaled-e1702897404143.jpg\" alt=\"\" width=\"226\" height=\"226\" srcset=\"http:\/\/skadarlake-tbr.org\/wp-content\/uploads\/2023\/12\/the-river-from-the-walls-of-rozafa-castle-and-its-2023-11-27-05-09-59-utc-1-scaled-e1702897404143.jpg 1655w, http:\/\/skadarlake-tbr.org\/wp-content\/uploads\/2023\/12\/the-river-from-the-walls-of-rozafa-castle-and-its-2023-11-27-05-09-59-utc-1-scaled-e1702897404143-300x300.jpg 300w, http:\/\/skadarlake-tbr.org\/wp-content\/uploads\/2023\/12\/the-river-from-the-walls-of-rozafa-castle-and-its-2023-11-27-05-09-59-utc-1-scaled-e1702897404143-1024x1024.jpg 1024w, http:\/\/skadarlake-tbr.org\/wp-content\/uploads\/2023\/12\/the-river-from-the-walls-of-rozafa-castle-and-its-2023-11-27-05-09-59-utc-1-scaled-e1702897404143-150x150.jpg 150w\" sizes=\"auto, (max-width: 226px) 100vw, 226px\" \/><\/p>\n<p><u>Rezultatet e parashikuara t\u00eb projektit jan\u00eb<\/u>: Mali i Zi dhe Shqip\u00ebria dor\u00ebzojn\u00eb n\u00eb UNESCO dosjen e\u00a0 nominimit t\u00eb Pellgut Uj\u00ebmbledh\u00ebs t\u00eb Liqenit t\u00eb Shkodr\u00ebs si Rezerv\u00eb Biosfer\u00eb Nd\u00ebrkufitare; Grupet e interesit dhe popullsia lokale kan\u00eb kapacitet p\u00ebr t\u00eb marr\u00eb pjes\u00eb dhe p\u00ebr t\u00eb mb\u00ebshtetur nominimin e Liqenit t\u00eb Shkodr\u00ebs si Rezerv\u00eb Biosfer\u00eb Nd\u00ebrkufitare; Agjencia Rajonale e Zonave t\u00eb Mbrojtura n\u00eb Shkod\u00ebr dhe zyra e Parqeve Komb\u00ebtare n\u00eb Podgoric\u00eb pajisen me mjete p\u00ebr t\u00eb rritur frekuenc\u00ebn dhe shtrirjen e ruajtjes dhe monitorimit.<\/p>\n<p><u>Shtrirja gjeografike<\/u> p\u00ebrfshin zon\u00ebn nd\u00ebrkufitare t\u00eb pellgut uj\u00ebmbledh\u00ebs t\u00eb liqenit t\u00eb Shkodr\u00ebs. Duke p\u00ebrfshir\u00eb k\u00ebto bashki n\u00eb Mal t\u00eb Zi: Podgoric\u00eb; Tuzi; Zeta; Cetinje; Danilovgrad; Tivari dhe Ulqini; dhe k\u00ebto bashki n\u00eb Shqip\u00ebri: Shkod\u00ebr; Mal\u00ebsia e Madhe.<\/p>\n<p>Projekti filloi n\u00eb 1 Shkurt 2023 dhe do t\u00eb zgjas\u00eb 30 muaj. Ai financohet nga programi nd\u00ebrkufitar Mali i Zi \u2013 Shqip\u00ebri 2014 -2020 (CBC 2014-2023), Instrumenti i Asistenc\u00ebs s\u00eb Para-aderimit Europian (IPA II).<\/p>\n<p><u>Aktivitetet e projektit<\/u>: nj\u00eb list\u00eb e aktiviteteve t\u00eb projektit jepet m\u00eb posht\u00eb dhe aktivitetet e pjes\u00ebmarrjes dhe konsultimit jan\u00eb t\u00eb sh\u00ebnuar me yll *:<\/p>\n<ul>\n<li>Konferenca \u201cKick Off\u201d, event i p\u00ebrbashk\u00ebt*<\/li>\n<li>Hulumtimi dhe rishikimi i dokumenteve ekzistuese p\u00ebr vler\u00ebsimin e mang\u00ebsive dhe mund\u00ebsive t\u00eb r\u00ebnd\u00ebsishme p\u00ebr em\u00ebrimin e Pellgut Uj\u00ebmbledh\u00ebs t\u00eb Liqenit t\u00eb Shkodr\u00ebs si Rezerv\u00eb Biosfer\u00eb Nd\u00ebrkufitare<\/li>\n<li>Dy workshope t\u00eb p\u00ebrbashk\u00ebta t\u00eb pal\u00ebve t\u00eb interesuara p\u00ebr t\u00eb zhvilluar fush\u00ebveprimin, vizionin, objektivat dhe aspektet nd\u00ebrkufitare si kushte p\u00ebr em\u00ebrimin e Pellgut Uj\u00ebmbledh\u00ebs t\u00eb Liqenit t\u00eb Shkodr\u00ebs si Rezerv\u00eb Biosfer\u00eb Nd\u00ebrkufitare *<\/li>\n<li>Gjasht\u00eb workshope komb\u00ebtare t\u00eb pal\u00ebve t\u00eb interesuara p\u00ebr t\u00eb zhvilluar elementet funksionale si kusht p\u00ebr t\u00eb em\u00ebruar Pellgun Uj\u00ebmbledh\u00ebs t\u00eb Liqenit t\u00eb Shkodr\u00ebs si Rezerv\u00eb Biosfere Nd\u00ebrkufitare *<\/li>\n<li>Draftimi \u2013 konsultimi \u2013 finalizimi i dosjes s\u00eb nominimit komb\u00ebtar dhe nd\u00ebrkufitar p\u00ebr t\u00eb em\u00ebruar Pellgun Uj\u00ebmbledh\u00ebs t\u00eb Liqenit t\u00eb Shkodr\u00ebs si Rezerv\u00eb Biosfer\u00eb Nd\u00ebrkufitare *<\/li>\n<li>Dor\u00ebzimi zyrtar i dosjes s\u00eb nominimit p\u00ebr t\u00eb propozuar Pellgut Uj\u00ebmbledh\u00ebs t\u00eb Liqenit t\u00eb Shkodr\u00ebs si Rezerv\u00eb Biosfer\u00eb Nd\u00ebrkufitare<\/li>\n<li>Dy seminare shk\u00ebmbimi p\u00ebr transferimin e njohurive dhe p\u00ebr rrjet\u00ebzimin midis aktor\u00ebve t\u00eb interesit n\u00eb fush\u00ebn e Rezerv\u00ebs s\u00eb Biosfer\u00ebs, aktivitetet dhe\/ose mandatet e t\u00eb cil\u00ebve lidhen drejtp\u00ebrdrejt me p\u00ebrdorimin e burimeve natyrore t\u00eb ngjashme me vendet e BE-s\u00eb*<\/li>\n<li>Dy anketime t\u00eb qytetar\u00ebve dhe nj\u00eb fushat\u00eb informuese<\/li>\n<li>Konferenca p\u00ebrfundimtare dhe panair kulturor n\u00eb natyr\u00eb \u2013 p\u00ebr t\u00eb promovuar tradit\u00ebn dhe natyr\u00ebn dhe p\u00ebr t\u00eb b\u00ebr\u00eb deklarat\u00ebn p\u00ebrfundimtare p\u00ebr dor\u00ebzimin e dosjes s\u00eb nominimit*<\/li>\n<li>Pajisje monitorimi p\u00ebr Drejtorin\u00eb Rajonale t\u00eb Zonave t\u00eb Mbrojtura n\u00eb Shkod\u00ebr dhe Parqet Komb\u00ebtare n\u00eb Podgoric\u00eb\/Virpazar<\/li>\n<li>Veprim pilot p\u00ebr ruajtjen e habitatit t\u00eb <em>Pelophylax shqipericus<\/em>, bretkosa sub-endemike e liqenit.<\/li>\n<li>Veprim pilot p\u00ebr ruajtjen nga d\u00ebmi i species bimore invazive <em>Amorpha fruticose<\/em><\/li>\n<\/ul>\n","protected":false},"excerpt":{"rendered":"<p>Projekti: Pellgu Uj\u00ebmbledh\u00ebs i Liqenit t\u00eb Shkodr\u00ebs &#8211; Nj\u00eb Rezerv\u00eb Biosfere Nd\u00ebrkufitare Nr. i referenc\u00ebs: CFCU\/MNE\/222 Programi: Programi i Bashk\u00ebpunimit Nd\u00ebrkufitar IPA Mal i Zi dhe Shqip\u00ebri Vlerat e larta t\u00eb biodiversitetit t\u00eb pellgut uj\u00ebmbledh\u00ebs t\u00eb Liqenit t\u00eb Shkodr\u00ebs, i cili ndahet midis Shqip\u00ebris\u00eb dhe Malit t\u00eb Zi, jan\u00eb konfirmuar brenda statusit t\u00eb tij komb\u00ebtar&#8230;<\/p>\n","protected":false},"author":1,"featured_media":569,"parent":819,"menu_order":1,"comment_status":"closed","ping_status":"closed","template":"","meta":{"om_disable_all_campaigns":false,"_monsterinsights_skip_tracking":false,"_monsterinsights_sitenote_active":false,"_monsterinsights_sitenote_note":"","_monsterinsights_sitenote_category":0,"_uf_show_specific_survey":0,"_uf_disable_surveys":false,"footnotes":""},"categories":[27],"tags":[],"class_list":["post-817","page","type-page","status-publish","has-post-thumbnail","hentry","category-about-sq"],"acf":[],"aioseo_notices":[],"_links":{"self":[{"href":"http:\/\/skadarlake-tbr.org\/sq\/wp-json\/wp\/v2\/pages\/817","targetHints":{"allow":["GET"]}}],"collection":[{"href":"http:\/\/skadarlake-tbr.org\/sq\/wp-json\/wp\/v2\/pages"}],"about":[{"href":"http:\/\/skadarlake-tbr.org\/sq\/wp-json\/wp\/v2\/types\/page"}],"author":[{"embeddable":true,"href":"http:\/\/skadarlake-tbr.org\/sq\/wp-json\/wp\/v2\/users\/1"}],"replies":[{"embeddable":true,"href":"http:\/\/skadarlake-tbr.org\/sq\/wp-json\/wp\/v2\/comments?post=817"}],"version-history":[{"count":3,"href":"http:\/\/skadarlake-tbr.org\/sq\/wp-json\/wp\/v2\/pages\/817\/revisions"}],"predecessor-version":[{"id":858,"href":"http:\/\/skadarlake-tbr.org\/sq\/wp-json\/wp\/v2\/pages\/817\/revisions\/858"}],"up":[{"embeddable":true,"href":"http:\/\/skadarlake-tbr.org\/sq\/wp-json\/wp\/v2\/pages\/819"}],"wp:featuredmedia":[{"embeddable":true,"href":"http:\/\/skadarlake-tbr.org\/sq\/wp-json\/wp\/v2\/media\/569"}],"wp:attachment":[{"href":"http:\/\/skadarlake-tbr.org\/sq\/wp-json\/wp\/v2\/media?parent=817"}],"wp:term":[{"taxonomy":"category","embeddable":true,"href":"http:\/\/skadarlake-tbr.org\/sq\/wp-json\/wp\/v2\/categories?post=817"},{"taxonomy":"post_tag","embeddable":true,"href":"http:\/\/skadarlake-tbr.org\/sq\/wp-json\/wp\/v2\/tags?post=817"}],"curies":[{"name":"wp","href":"https:\/\/api.w.org\/{rel}","templated":true}]}}