{"id":843,"date":"2023-12-15T13:48:26","date_gmt":"2023-12-15T13:48:26","guid":{"rendered":"https:\/\/skadarlake-tbr.org\/resources\/"},"modified":"2023-12-19T14:52:05","modified_gmt":"2023-12-19T14:52:05","slug":"burimet","status":"publish","type":"page","link":"http:\/\/skadarlake-tbr.org\/sq\/burimet\/","title":{"rendered":"Burimet"},"content":{"rendered":"<section class=\"l-section wpb_row height_custom\"><div class=\"l-section-h i-cf\"><div class=\"g-cols vc_row via_grid cols_1 laptops-cols_inherit tablets-cols_inherit mobiles-cols_1 valign_top type_default stacking_default\"><div class=\"wpb_column vc_column_container us_custom_2010c3da\"><div class=\"vc_column-inner\"><div class=\"w-grid type_grid layout_tile_21_left cols_2 with_css_animation ratio_custom\" id=\"us_grid_1\" style=\"--gap:1.5rem;\" data-filterable=\"true\"><style>@media (max-width:610px){#us_grid_1 .w-grid-list{margin:0}#us_grid_1 .w-grid-item{width:100%;padding:0;margin-bottom:var(--gap,0px)}}.layout_tile_21_left .w-grid-item-h:before{padding-bottom:50%}@media (min-width:611px){.layout_tile_21_left .w-grid-item.size_1x2 .w-grid-item-h:before{padding-bottom:calc(100% + var(--gap,0px) * 2)}.layout_tile_21_left .w-grid-item.size_2x1 .w-grid-item-h:before{padding-bottom:calc(25% - var(--gap,0px) * 0.5)}.layout_tile_21_left .w-grid-item.size_2x2 .w-grid-item-h:before{padding-bottom:calc(50% - var(--gap,0px) * -1)}}.layout_tile_21_left .w-grid-item-h{background:var(--color-content-bg-alt);color:var(--color-content-heading)}.layout_tile_21_left .usg_post_image_1{position:absolute!important;top:0!important;right:50%!important;bottom:0!important;left:0!important}.layout_tile_21_left .usg_post_title_1{color:inherit!important;font-size:1.2rem!important;position:absolute!important;top:0!important;right:0!important;bottom:0!important;left:50%!important;padding:8%!important}@media (min-width:1041px) and (max-width:1380px){.layout_tile_21_left .usg_post_image_1{position:absolute!important;top:0!important;right:50%!important;bottom:0!important;left:0!important}.layout_tile_21_left .usg_post_title_1{color:inherit!important;font-size:1.2rem!important;position:absolute!important;top:0!important;right:0!important;bottom:0!important;left:50%!important;padding:8%!important}}@media (min-width:611px) and (max-width:1040px){.layout_tile_21_left .usg_post_image_1{position:absolute!important;top:0!important;right:50%!important;bottom:0!important;left:0!important}.layout_tile_21_left .usg_post_title_1{color:inherit!important;font-size:1.2rem!important;position:absolute!important;top:0!important;right:0!important;bottom:0!important;left:50%!important;padding:8%!important}}@media (max-width:610px){.layout_tile_21_left .usg_post_title_1{font-size:1rem!important}}<\/style><div class=\"w-grid-list\">\t<article class=\"w-grid-item us_animate_afl size_1x1 post-1517 page type-page status-publish has-post-thumbnail hentry category-resources-sq\" data-id=\"1517\" style=\"animation-delay:0s\">\r\n\t\t<div class=\"w-grid-item-h\">\r\n\t\t\t\t\t\t<h2 class=\"w-post-elm post_title usg_post_title_1 has_text_color entry-title color_link_inherit\"><a href=\"http:\/\/skadarlake-tbr.org\/sq\/burimet\/video\/\">Video<\/a><\/h2><div class=\"w-post-elm post_image usg_post_image_1 stretched\"><a href=\"http:\/\/skadarlake-tbr.org\/sq\/burimet\/video\/\" aria-label=\"Video\"><img loading=\"lazy\" decoding=\"async\" width=\"1024\" height=\"713\" src=\"http:\/\/skadarlake-tbr.org\/wp-content\/uploads\/2023\/12\/skadar-lake-park-2023-11-27-05-03-02-utc-1024x713.jpg\" class=\"attachment-large size-large wp-post-image\" alt=\"\" srcset=\"http:\/\/skadarlake-tbr.org\/wp-content\/uploads\/2023\/12\/skadar-lake-park-2023-11-27-05-03-02-utc-1024x713.jpg 1024w, http:\/\/skadarlake-tbr.org\/wp-content\/uploads\/2023\/12\/skadar-lake-park-2023-11-27-05-03-02-utc-300x209.jpg 300w\" sizes=\"auto, (max-width: 1024px) 100vw, 1024px\" \/><\/a><\/div>\t\t<\/div>\r\n\t<\/article>\r\n\t<article class=\"w-grid-item us_animate_afl size_1x1 post-841 page type-page status-publish has-post-thumbnail hentry category-resources-sq\" data-id=\"841\" style=\"animation-delay:0.1s\">\r\n\t\t<div class=\"w-grid-item-h\">\r\n\t\t\t\t\t\t<h2 class=\"w-post-elm post_title usg_post_title_1 has_text_color entry-title color_link_inherit\"><a href=\"http:\/\/skadarlake-tbr.org\/sq\/burimet\/foto\/\">Foto<\/a><\/h2><div class=\"w-post-elm post_image usg_post_image_1 stretched\"><a href=\"http:\/\/skadarlake-tbr.org\/sq\/burimet\/foto\/\" aria-label=\"Foto\"><img loading=\"lazy\" decoding=\"async\" width=\"1024\" height=\"575\" src=\"http:\/\/skadarlake-tbr.org\/wp-content\/uploads\/2023\/12\/aerial-view-of-tourists-on-paddleboards-in-rijeka-2023-11-27-05-00-52-utc-1024x575.jpg\" class=\"attachment-large size-large wp-post-image\" alt=\"\" srcset=\"http:\/\/skadarlake-tbr.org\/wp-content\/uploads\/2023\/12\/aerial-view-of-tourists-on-paddleboards-in-rijeka-2023-11-27-05-00-52-utc-1024x575.jpg 1024w, http:\/\/skadarlake-tbr.org\/wp-content\/uploads\/2023\/12\/aerial-view-of-tourists-on-paddleboards-in-rijeka-2023-11-27-05-00-52-utc-300x168.jpg 300w\" sizes=\"auto, (max-width: 1024px) 100vw, 1024px\" \/><\/a><\/div>\t\t<\/div>\r\n\t<\/article>\r\n\t<article class=\"w-grid-item us_animate_afl size_1x1 post-1160 page type-page status-publish has-post-thumbnail hentry category-resources-sq\" data-id=\"1160\" style=\"animation-delay:0.2s\">\r\n\t\t<div class=\"w-grid-item-h\">\r\n\t\t\t\t\t\t<h2 class=\"w-post-elm post_title usg_post_title_1 has_text_color entry-title color_link_inherit\"><a href=\"http:\/\/skadarlake-tbr.org\/sq\/burimet\/dokumentet\/\">Dokumentet<\/a><\/h2><div class=\"w-post-elm post_image usg_post_image_1 stretched\"><a href=\"http:\/\/skadarlake-tbr.org\/sq\/burimet\/dokumentet\/\" aria-label=\"Dokumentet\"><img loading=\"lazy\" decoding=\"async\" width=\"1024\" height=\"684\" src=\"http:\/\/skadarlake-tbr.org\/wp-content\/uploads\/2023\/12\/PENTAX-K-1-Mark-II-HD-PENTAX-D-FA-70-210mm-F4-ED-SDM-WR-70-26-08-21-13-37-29-1024x684.jpg\" class=\"attachment-large size-large wp-post-image\" alt=\"\" srcset=\"http:\/\/skadarlake-tbr.org\/wp-content\/uploads\/2023\/12\/PENTAX-K-1-Mark-II-HD-PENTAX-D-FA-70-210mm-F4-ED-SDM-WR-70-26-08-21-13-37-29-1024x684.jpg 1024w, http:\/\/skadarlake-tbr.org\/wp-content\/uploads\/2023\/12\/PENTAX-K-1-Mark-II-HD-PENTAX-D-FA-70-210mm-F4-ED-SDM-WR-70-26-08-21-13-37-29-300x200.jpg 300w\" sizes=\"auto, (max-width: 1024px) 100vw, 1024px\" \/><\/a><\/div>\t\t<\/div>\r\n\t<\/article>\r\n<\/div><div class=\"w-grid-preloader\">\t<div class=\"g-preloader type_1\">\r\n\t\t<div><\/div>\r\n\t<\/div>\r\n\t<\/div>\t<div class=\"w-grid-json hidden\" onclick='return {&quot;action&quot;:&quot;us_ajax_grid&quot;,&quot;ajax_url&quot;:&quot;http:\\\/\\\/skadarlake-tbr.org\\\/wp-admin\\\/admin-ajax.php&quot;,&quot;infinite_scroll&quot;:0,&quot;max_num_pages&quot;:1,&quot;pagination&quot;:&quot;none&quot;,&quot;template_vars&quot;:{&quot;columns&quot;:&quot;2&quot;,&quot;exclude_items&quot;:&quot;none&quot;,&quot;img_size&quot;:&quot;default&quot;,&quot;ignore_items_size&quot;:0,&quot;items_layout&quot;:&quot;tile_21_left&quot;,&quot;items_offset&quot;:&quot;1&quot;,&quot;load_animation&quot;:&quot;afl&quot;,&quot;overriding_link&quot;:&quot;%7B%22url%22%3A%22%22%7D&quot;,&quot;post_id&quot;:0,&quot;query_args&quot;:{&quot;post_type&quot;:[&quot;page&quot;],&quot;tax_query&quot;:[{&quot;taxonomy&quot;:&quot;category&quot;,&quot;field&quot;:&quot;slug&quot;,&quot;terms&quot;:[&quot;resources&quot;]}],&quot;post_status&quot;:[&quot;publish&quot;,&quot;acf-disabled&quot;],&quot;posts_per_page&quot;:&quot;10&quot;},&quot;orderby_query_args&quot;:{&quot;orderby&quot;:{&quot;menu_order&quot;:&quot;ASC&quot;},&quot;order&quot;:&quot;ASC&quot;},&quot;type&quot;:&quot;grid&quot;,&quot;us_grid_ajax_index&quot;:1,&quot;us_grid_filter_params&quot;:[],&quot;us_grid_index&quot;:1,&quot;_us_grid_post_type&quot;:&quot;page&quot;,&quot;page_args&quot;:[],&quot;lang&quot;:&quot;sq&quot;}}'><\/div>\r\n\t<\/div><\/div><\/div><\/div><\/div><\/section>\n","protected":false},"excerpt":{"rendered":"Citizens` Survey Baseline Report 2023PUBLIKOHET SONDAZHI I PAR\u00cb I OPINIONIT PUBLIK N\u00cb ZON\u00cbN NDERKUFITARE AL-MNE! \u00c7far\u00eb mendojn\u00eb qytetar\u00ebt n\u00eb k\u00ebto territore p\u00ebr p\u00ebrfitimet dhe sfidat e tyre jet\u00ebsore? Si e shohin ata vendin e tyre si nj\u00eb Rezerv\u00eb Biosphere Nd\u00ebrkufitare e ardhshme e UNESCO-s? Ky informacion dhe shum\u00eb m\u00eb tep\u00ebr, tani jan\u00eb n\u00eb dispozicion p\u00ebr...","protected":false},"author":1,"featured_media":521,"parent":0,"menu_order":0,"comment_status":"closed","ping_status":"closed","template":"","meta":{"om_disable_all_campaigns":false,"_monsterinsights_skip_tracking":false,"_monsterinsights_sitenote_active":false,"_monsterinsights_sitenote_note":"","_monsterinsights_sitenote_category":0,"_uf_show_specific_survey":0,"_uf_disable_surveys":false,"footnotes":""},"categories":[],"tags":[],"class_list":["post-843","page","type-page","status-publish","has-post-thumbnail","hentry"],"acf":[],"aioseo_notices":[],"_links":{"self":[{"href":"http:\/\/skadarlake-tbr.org\/sq\/wp-json\/wp\/v2\/pages\/843","targetHints":{"allow":["GET"]}}],"collection":[{"href":"http:\/\/skadarlake-tbr.org\/sq\/wp-json\/wp\/v2\/pages"}],"about":[{"href":"http:\/\/skadarlake-tbr.org\/sq\/wp-json\/wp\/v2\/types\/page"}],"author":[{"embeddable":true,"href":"http:\/\/skadarlake-tbr.org\/sq\/wp-json\/wp\/v2\/users\/1"}],"replies":[{"embeddable":true,"href":"http:\/\/skadarlake-tbr.org\/sq\/wp-json\/wp\/v2\/comments?post=843"}],"version-history":[{"count":1,"href":"http:\/\/skadarlake-tbr.org\/sq\/wp-json\/wp\/v2\/pages\/843\/revisions"}],"predecessor-version":[{"id":844,"href":"http:\/\/skadarlake-tbr.org\/sq\/wp-json\/wp\/v2\/pages\/843\/revisions\/844"}],"wp:featuredmedia":[{"embeddable":true,"href":"http:\/\/skadarlake-tbr.org\/sq\/wp-json\/wp\/v2\/media\/521"}],"wp:attachment":[{"href":"http:\/\/skadarlake-tbr.org\/sq\/wp-json\/wp\/v2\/media?parent=843"}],"wp:term":[{"taxonomy":"category","embeddable":true,"href":"http:\/\/skadarlake-tbr.org\/sq\/wp-json\/wp\/v2\/categories?post=843"},{"taxonomy":"post_tag","embeddable":true,"href":"http:\/\/skadarlake-tbr.org\/sq\/wp-json\/wp\/v2\/tags?post=843"}],"curies":[{"name":"wp","href":"https:\/\/api.w.org\/{rel}","templated":true}]}}