{"id":848,"date":"2022-03-05T12:48:25","date_gmt":"2022-03-05T12:48:25","guid":{"rendered":"https:\/\/skadarlake-tbr.org\/where-we-work\/"},"modified":"2023-12-19T14:55:48","modified_gmt":"2023-12-19T14:55:48","slug":"ku-po-punojme","status":"publish","type":"page","link":"http:\/\/skadarlake-tbr.org\/sq\/ku-po-punojme\/","title":{"rendered":"Ku po punojm\u00eb"},"content":{"rendered":"<section class=\"l-section wpb_row height_custom\"><div class=\"l-section-h i-cf\"><div class=\"g-cols vc_row via_grid cols_1 laptops-cols_inherit tablets-cols_inherit mobiles-cols_1 valign_top type_default stacking_default\"><div class=\"wpb_column vc_column_container us_custom_2010c3da\"><div class=\"vc_column-inner\"><div class=\"w-grid type_grid layout_tile_21_left cols_2 with_css_animation ratio_custom\" id=\"us_grid_1\" style=\"--gap:1.5rem;\" data-filterable=\"true\"><style>@media (max-width:610px){#us_grid_1 .w-grid-list{margin:0}#us_grid_1 .w-grid-item{width:100%;padding:0;margin-bottom:var(--gap,0px)}}.layout_tile_21_left .w-grid-item-h:before{padding-bottom:50%}@media (min-width:611px){.layout_tile_21_left .w-grid-item.size_1x2 .w-grid-item-h:before{padding-bottom:calc(100% + var(--gap,0px) * 2)}.layout_tile_21_left .w-grid-item.size_2x1 .w-grid-item-h:before{padding-bottom:calc(25% - var(--gap,0px) * 0.5)}.layout_tile_21_left .w-grid-item.size_2x2 .w-grid-item-h:before{padding-bottom:calc(50% - var(--gap,0px) * -1)}}.layout_tile_21_left .w-grid-item-h{background:var(--color-content-bg-alt);color:var(--color-content-heading)}.layout_tile_21_left .usg_post_image_1{position:absolute!important;top:0!important;right:50%!important;bottom:0!important;left:0!important}.layout_tile_21_left .usg_post_title_1{color:inherit!important;font-size:1.2rem!important;position:absolute!important;top:0!important;right:0!important;bottom:0!important;left:50%!important;padding:8%!important}@media (min-width:1041px) and (max-width:1380px){.layout_tile_21_left .usg_post_image_1{position:absolute!important;top:0!important;right:50%!important;bottom:0!important;left:0!important}.layout_tile_21_left .usg_post_title_1{color:inherit!important;font-size:1.2rem!important;position:absolute!important;top:0!important;right:0!important;bottom:0!important;left:50%!important;padding:8%!important}}@media (min-width:611px) and (max-width:1040px){.layout_tile_21_left .usg_post_image_1{position:absolute!important;top:0!important;right:50%!important;bottom:0!important;left:0!important}.layout_tile_21_left .usg_post_title_1{color:inherit!important;font-size:1.2rem!important;position:absolute!important;top:0!important;right:0!important;bottom:0!important;left:50%!important;padding:8%!important}}@media (max-width:610px){.layout_tile_21_left .usg_post_title_1{font-size:1rem!important}}<\/style><div class=\"w-grid-list\">\t<article class=\"w-grid-item us_animate_afl size_1x1 post-865 page type-page status-publish has-post-thumbnail hentry category-where-we-work-sq\" data-id=\"865\" style=\"animation-delay:0s\">\r\n\t\t<div class=\"w-grid-item-h\">\r\n\t\t\t\t\t\t<h2 class=\"w-post-elm post_title usg_post_title_1 has_text_color entry-title color_link_inherit\"><a href=\"http:\/\/skadarlake-tbr.org\/sq\/ku-po-punojme\/pershkrimi-i-zones\/\">P\u00ebrshkrimi i zon\u00ebs<\/a><\/h2><div class=\"w-post-elm post_image usg_post_image_1 stretched\"><a href=\"http:\/\/skadarlake-tbr.org\/sq\/ku-po-punojme\/pershkrimi-i-zones\/\" aria-label=\"P\u00ebrshkrimi i zon\u00ebs\"><img loading=\"lazy\" decoding=\"async\" width=\"1024\" height=\"684\" src=\"http:\/\/skadarlake-tbr.org\/wp-content\/uploads\/2023\/12\/PENTAX-K-1-Mark-II-HD-PENTAX-D-FA-70-210mm-F4-ED-SDM-WR-70-26-08-21-13-37-29-1024x684.jpg\" class=\"attachment-large size-large wp-post-image\" alt=\"\" srcset=\"http:\/\/skadarlake-tbr.org\/wp-content\/uploads\/2023\/12\/PENTAX-K-1-Mark-II-HD-PENTAX-D-FA-70-210mm-F4-ED-SDM-WR-70-26-08-21-13-37-29-1024x684.jpg 1024w, http:\/\/skadarlake-tbr.org\/wp-content\/uploads\/2023\/12\/PENTAX-K-1-Mark-II-HD-PENTAX-D-FA-70-210mm-F4-ED-SDM-WR-70-26-08-21-13-37-29-300x200.jpg 300w\" sizes=\"auto, (max-width: 1024px) 100vw, 1024px\" \/><\/a><\/div>\t\t<\/div>\r\n\t<\/article>\r\n\t<article class=\"w-grid-item us_animate_afl size_1x1 post-868 page type-page status-publish has-post-thumbnail hentry category-where-we-work-sq\" data-id=\"868\" style=\"animation-delay:0.1s\">\r\n\t\t<div class=\"w-grid-item-h\">\r\n\t\t\t\t\t\t<h2 class=\"w-post-elm post_title usg_post_title_1 has_text_color entry-title color_link_inherit\"><a href=\"http:\/\/skadarlake-tbr.org\/sq\/ku-po-punojme\/zonat-e-mbrojtura\/\">Zonat e mbrojtura<\/a><\/h2><div class=\"w-post-elm post_image usg_post_image_1 stretched\"><a href=\"http:\/\/skadarlake-tbr.org\/sq\/ku-po-punojme\/zonat-e-mbrojtura\/\" aria-label=\"Zonat e mbrojtura\"><img loading=\"lazy\" decoding=\"async\" width=\"1024\" height=\"575\" src=\"http:\/\/skadarlake-tbr.org\/wp-content\/uploads\/2023\/12\/aerial-view-of-tourists-on-paddleboards-in-rijeka-2023-11-27-05-11-36-utc-1024x575.jpg\" class=\"attachment-large size-large wp-post-image\" alt=\"\" srcset=\"http:\/\/skadarlake-tbr.org\/wp-content\/uploads\/2023\/12\/aerial-view-of-tourists-on-paddleboards-in-rijeka-2023-11-27-05-11-36-utc-1024x575.jpg 1024w, http:\/\/skadarlake-tbr.org\/wp-content\/uploads\/2023\/12\/aerial-view-of-tourists-on-paddleboards-in-rijeka-2023-11-27-05-11-36-utc-300x169.jpg 300w\" sizes=\"auto, (max-width: 1024px) 100vw, 1024px\" \/><\/a><\/div>\t\t<\/div>\r\n\t<\/article>\r\n<\/div><div class=\"w-grid-preloader\">\t<div class=\"g-preloader type_1\">\r\n\t\t<div><\/div>\r\n\t<\/div>\r\n\t<\/div>\t<div class=\"w-grid-json hidden\" onclick='return {&quot;action&quot;:&quot;us_ajax_grid&quot;,&quot;ajax_url&quot;:&quot;http:\\\/\\\/skadarlake-tbr.org\\\/wp-admin\\\/admin-ajax.php&quot;,&quot;infinite_scroll&quot;:0,&quot;max_num_pages&quot;:1,&quot;pagination&quot;:&quot;none&quot;,&quot;template_vars&quot;:{&quot;columns&quot;:&quot;2&quot;,&quot;exclude_items&quot;:&quot;none&quot;,&quot;img_size&quot;:&quot;default&quot;,&quot;ignore_items_size&quot;:0,&quot;items_layout&quot;:&quot;tile_21_left&quot;,&quot;items_offset&quot;:&quot;1&quot;,&quot;load_animation&quot;:&quot;afl&quot;,&quot;overriding_link&quot;:&quot;%7B%22url%22%3A%22%22%7D&quot;,&quot;post_id&quot;:0,&quot;query_args&quot;:{&quot;post_type&quot;:[&quot;page&quot;],&quot;tax_query&quot;:[{&quot;taxonomy&quot;:&quot;category&quot;,&quot;field&quot;:&quot;slug&quot;,&quot;terms&quot;:[&quot;where-we-work&quot;]}],&quot;post_status&quot;:[&quot;publish&quot;,&quot;acf-disabled&quot;],&quot;posts_per_page&quot;:&quot;10&quot;},&quot;orderby_query_args&quot;:{&quot;orderby&quot;:{&quot;menu_order&quot;:&quot;ASC&quot;},&quot;order&quot;:&quot;ASC&quot;},&quot;type&quot;:&quot;grid&quot;,&quot;us_grid_ajax_index&quot;:1,&quot;us_grid_filter_params&quot;:[],&quot;us_grid_index&quot;:1,&quot;_us_grid_post_type&quot;:&quot;page&quot;,&quot;page_args&quot;:[],&quot;lang&quot;:&quot;sq&quot;}}'><\/div>\r\n\t<\/div><\/div><\/div><\/div><\/div><\/section>\n","protected":false},"excerpt":{"rendered":"Zona ku do t\u00eb konsiderohet rezerv\u00eb biosfere \u00ebsht\u00eb e shtrir\u00eb n\u00eb nj\u00eb territor t\u00eb madh dhe p\u00ebrfshin disa zona t\u00eb mbrojtura n\u00eb t\u00eb dy an\u00ebt e kufirit: Liqeni i Shkodr\u00ebsLumi ZetaKanioni i lumit CijevnaSalina e UlqinitLiqeni i Shkodr\u00ebsLloji i zon\u00ebs s\u00eb mbrojtur: Park Komb\u00ebtar Kategoria e zonave t\u00eb mbrojtura: II Kategoria IUCN e zon\u00ebs s\u00eb...","protected":false},"author":1,"featured_media":469,"parent":0,"menu_order":0,"comment_status":"closed","ping_status":"closed","template":"","meta":{"om_disable_all_campaigns":false,"_monsterinsights_skip_tracking":false,"_monsterinsights_sitenote_active":false,"_monsterinsights_sitenote_note":"","_monsterinsights_sitenote_category":0,"_uf_show_specific_survey":0,"_uf_disable_surveys":false,"footnotes":""},"categories":[],"tags":[],"class_list":["post-848","page","type-page","status-publish","has-post-thumbnail","hentry"],"acf":[],"aioseo_notices":[],"_links":{"self":[{"href":"http:\/\/skadarlake-tbr.org\/sq\/wp-json\/wp\/v2\/pages\/848","targetHints":{"allow":["GET"]}}],"collection":[{"href":"http:\/\/skadarlake-tbr.org\/sq\/wp-json\/wp\/v2\/pages"}],"about":[{"href":"http:\/\/skadarlake-tbr.org\/sq\/wp-json\/wp\/v2\/types\/page"}],"author":[{"embeddable":true,"href":"http:\/\/skadarlake-tbr.org\/sq\/wp-json\/wp\/v2\/users\/1"}],"replies":[{"embeddable":true,"href":"http:\/\/skadarlake-tbr.org\/sq\/wp-json\/wp\/v2\/comments?post=848"}],"version-history":[{"count":1,"href":"http:\/\/skadarlake-tbr.org\/sq\/wp-json\/wp\/v2\/pages\/848\/revisions"}],"predecessor-version":[{"id":849,"href":"http:\/\/skadarlake-tbr.org\/sq\/wp-json\/wp\/v2\/pages\/848\/revisions\/849"}],"wp:featuredmedia":[{"embeddable":true,"href":"http:\/\/skadarlake-tbr.org\/sq\/wp-json\/wp\/v2\/media\/469"}],"wp:attachment":[{"href":"http:\/\/skadarlake-tbr.org\/sq\/wp-json\/wp\/v2\/media?parent=848"}],"wp:term":[{"taxonomy":"category","embeddable":true,"href":"http:\/\/skadarlake-tbr.org\/sq\/wp-json\/wp\/v2\/categories?post=848"},{"taxonomy":"post_tag","embeddable":true,"href":"http:\/\/skadarlake-tbr.org\/sq\/wp-json\/wp\/v2\/tags?post=848"}],"curies":[{"name":"wp","href":"https:\/\/api.w.org\/{rel}","templated":true}]}}