{"id":798,"date":"2023-12-15T09:50:09","date_gmt":"2023-12-15T09:50:09","guid":{"rendered":"https:\/\/skadarlake-tbr.org\/news\/"},"modified":"2024-01-30T11:25:16","modified_gmt":"2024-01-30T11:25:16","slug":"vijesti","status":"publish","type":"page","link":"https:\/\/skadarlake-tbr.org\/bs\/vijesti\/","title":{"rendered":"Vijesti"},"content":{"rendered":"<section class=\"l-section wpb_row height_custom\"><div class=\"l-section-h i-cf\"><div class=\"g-cols vc_row via_grid cols_1 laptops-cols_inherit tablets-cols_inherit mobiles-cols_1 valign_top type_default stacking_default\"><div class=\"wpb_column vc_column_container us_custom_2010c3da\"><div class=\"vc_column-inner\"><div class=\"w-grid us_custom_7e20fa79 us_animate_this type_grid layout_1171 cols_3 overflow_hidden\" id=\"us_grid_1\" style=\"--gap:1.5rem;\" data-filterable=\"true\"><style>@media (max-width:1040px){#us_grid_1 .w-grid-item{width:50%}}@media (max-width:610px){#us_grid_1 .w-grid-list{margin:0}#us_grid_1 .w-grid-item{width:100%;padding:0;margin-bottom:var(--gap,0px)}}.layout_1171 .w-grid-item-h{background:var(--color-content-bg);color:var(--color-content-text);box-shadow:0 0rem 0rem rgba(0,0,0,0.1),0 0rem 0rem rgba(0,0,0,0.1);transition-duration:0.3s}.no-touch .layout_1171 .w-grid-item-h:hover{box-shadow:0 0.15rem 0.3rem rgba(0,0,0,0.1),0 0.5rem 1.5rem rgba(0,0,0,0.15);z-index:4}.layout_1171 .usg_post_image_1{margin-bottom:-1rem!important}.layout_1171 .usg_vwrapper_1{padding:2.5rem!important}.layout_1171 .usg_post_title_1{font-size:1.2rem!important;font-weight:700!important;text-transform:uppercase!important}.layout_1171 .usg_hwrapper_2{color:var(--color-content-faded)!important;font-size:0.9rem!important}@media (min-width:1041px) and (max-width:1380px){.layout_1171 .usg_post_image_1{margin-bottom:-1rem!important}.layout_1171 .usg_vwrapper_1{padding:2.5rem!important}.layout_1171 .usg_post_title_1{font-size:1.2rem!important;font-weight:700!important;text-transform:uppercase!important}.layout_1171 .usg_hwrapper_2{color:var(--color-content-faded)!important;font-size:0.9rem!important}}@media (min-width:611px) and (max-width:1040px){.layout_1171 .usg_post_image_1{margin-bottom:-1rem!important}.layout_1171 .usg_vwrapper_1{padding:2.5rem!important}.layout_1171 .usg_post_title_1{font-size:1.2rem!important;font-weight:700!important;text-transform:uppercase!important}.layout_1171 .usg_hwrapper_2{color:var(--color-content-faded)!important;font-size:0.9rem!important}}@media (max-width:610px){.layout_1171 .usg_post_image_1{margin-bottom:-1rem!important}.layout_1171 .usg_vwrapper_1{padding:2.5rem!important}.layout_1171 .usg_post_title_1{font-size:1.2rem!important;font-weight:700!important;text-transform:uppercase!important}.layout_1171 .usg_hwrapper_2{color:var(--color-content-faded)!important;font-size:0.9rem!important}}<\/style><div class=\"w-grid-list\">\t<article class=\"w-grid-item size_1x1 post-1781 post type-post status-publish format-standard has-post-thumbnail hentry category-vijesti\" data-id=\"1781\">\r\n\t\t<div class=\"w-grid-item-h\">\r\n\t\t\t\t\t\t<div class=\"w-post-elm post_image usg_post_image_1 stretched\"><a href=\"https:\/\/skadarlake-tbr.org\/bs\/sliv-skadarskog-jezera-nominovan-za-unesco-mab-br\/\" aria-label=\"Sliv Skadarskog jezera nominovan za UNESCO MAB BR\"><img loading=\"lazy\" decoding=\"async\" width=\"1024\" height=\"683\" src=\"https:\/\/skadarlake-tbr.org\/wp-content\/uploads\/2023\/12\/view-of-lake-skadar-from-the-heights-2023-11-27-05-09-04-utc-2-1024x683.jpg\" class=\"attachment-large size-large wp-post-image\" alt=\"\" srcset=\"https:\/\/skadarlake-tbr.org\/wp-content\/uploads\/2023\/12\/view-of-lake-skadar-from-the-heights-2023-11-27-05-09-04-utc-2-1024x683.jpg 1024w, https:\/\/skadarlake-tbr.org\/wp-content\/uploads\/2023\/12\/view-of-lake-skadar-from-the-heights-2023-11-27-05-09-04-utc-2-300x200.jpg 300w\" sizes=\"auto, (max-width: 1024px) 100vw, 1024px\" \/><\/a><\/div><div class=\"w-vwrapper usg_vwrapper_1 align_center valign_top\"><h2 class=\"w-post-elm post_title usg_post_title_1 entry-title color_link_inherit\"><a href=\"https:\/\/skadarlake-tbr.org\/bs\/sliv-skadarskog-jezera-nominovan-za-unesco-mab-br\/\">Sliv Skadarskog jezera nominovan za UNESCO MAB BR<\/a><\/h2><div class=\"w-hwrapper usg_hwrapper_2 has_text_color align_center valign_top wrap\"><time class=\"w-post-elm post_date usg_post_date_1 entry-date published\" datetime=\"2025-10-10T12:12:51+01:00\" title=\"10 Oktobra 2025 u 12:12:51 Europe\/London\">prije 6 mjeseci<\/time><\/div><div class=\"w-post-elm post_content usg_post_content_1\">U slo\u017eenim uslovima crnogorskog i regionalnog konteksta, EnvPro organizacija inicirala j i obozbijedila realizaciju ambiciozne Ii kompleksne ideje, koordiniraju\u0107i vi\u0161eslojan&hellip;<\/div><\/div>\t\t<\/div>\r\n\t<\/article>\r\n\t<article class=\"w-grid-item size_1x1 post-1788 post type-post status-publish format-standard has-post-thumbnail hentry category-vijesti\" data-id=\"1788\">\r\n\t\t<div class=\"w-grid-item-h\">\r\n\t\t\t\t\t\t<div class=\"w-post-elm post_image usg_post_image_1 stretched\"><a href=\"https:\/\/skadarlake-tbr.org\/bs\/ekovizija-skadarsko-jezero-kao-unesco-rezervat-biosfere\/\" aria-label=\"Ekovizija: Skadarsko jezero kao UNESCO rezervat biosfere\"><img loading=\"lazy\" decoding=\"async\" width=\"1024\" height=\"683\" src=\"https:\/\/skadarlake-tbr.org\/wp-content\/uploads\/2025\/10\/Screenshot-2025-10-10-133628-1024x683.png\" class=\"attachment-large size-large wp-post-image\" alt=\"\" srcset=\"https:\/\/skadarlake-tbr.org\/wp-content\/uploads\/2025\/10\/Screenshot-2025-10-10-133628-1024x683.png 1024w, https:\/\/skadarlake-tbr.org\/wp-content\/uploads\/2025\/10\/Screenshot-2025-10-10-133628-300x200.png 300w\" sizes=\"auto, (max-width: 1024px) 100vw, 1024px\" \/><\/a><\/div><div class=\"w-vwrapper usg_vwrapper_1 align_center valign_top\"><h2 class=\"w-post-elm post_title usg_post_title_1 entry-title color_link_inherit\"><a href=\"https:\/\/skadarlake-tbr.org\/bs\/ekovizija-skadarsko-jezero-kao-unesco-rezervat-biosfere\/\">Ekovizija: Skadarsko jezero kao UNESCO rezervat biosfere<\/a><\/h2><div class=\"w-hwrapper usg_hwrapper_2 has_text_color align_center valign_top wrap\"><time class=\"w-post-elm post_date usg_post_date_1 entry-date published\" datetime=\"2025-09-10T12:37:02+01:00\" title=\"10 Septembra 2025 u 12:37:02 Europe\/London\">prije 7 mjeseci<\/time><\/div><div class=\"w-post-elm post_content usg_post_content_1\">Emisija &#8220;Ekovizija&#8221; istra\u017euje zna\u010dajnu inicijativu za nominaciju sliva Skadarskog jezera kao prekograni\u010dnog UNESCO rezervata biosfere, u saradnji sa Albanijom. Saznajte&hellip;<\/div><\/div>\t\t<\/div>\r\n\t<\/article>\r\n\t<article class=\"w-grid-item size_1x1 post-1659 post type-post status-publish format-standard has-post-thumbnail hentry category-vijesti\" data-id=\"1659\">\r\n\t\t<div class=\"w-grid-item-h\">\r\n\t\t\t\t\t\t<div class=\"w-post-elm post_image usg_post_image_1 stretched\"><a href=\"https:\/\/skadarlake-tbr.org\/bs\/ana-katnic-na-rtcg-u-nominacija-sliva-skadarskog-jezera-za-unesco-podrzava-odrzivi-razvoj\/\" aria-label=\"RTCG: Nominacija sliva Skadarskog jezera za UNESCO podr\u017eava odr\u017eivi razvoj\"><img loading=\"lazy\" decoding=\"async\" width=\"1024\" height=\"679\" src=\"https:\/\/skadarlake-tbr.org\/wp-content\/uploads\/2025\/08\/Screenshot-2025-08-06-153457-e1754487402604-1024x679.png\" class=\"attachment-large size-large wp-post-image\" alt=\"\" srcset=\"https:\/\/skadarlake-tbr.org\/wp-content\/uploads\/2025\/08\/Screenshot-2025-08-06-153457-e1754487402604-1024x679.png 1024w, https:\/\/skadarlake-tbr.org\/wp-content\/uploads\/2025\/08\/Screenshot-2025-08-06-153457-e1754487402604-300x199.png 300w, https:\/\/skadarlake-tbr.org\/wp-content\/uploads\/2025\/08\/Screenshot-2025-08-06-153457-e1754487402604.png 1040w\" sizes=\"auto, (max-width: 1024px) 100vw, 1024px\" \/><\/a><\/div><div class=\"w-vwrapper usg_vwrapper_1 align_center valign_top\"><h2 class=\"w-post-elm post_title usg_post_title_1 entry-title color_link_inherit\"><a href=\"https:\/\/skadarlake-tbr.org\/bs\/ana-katnic-na-rtcg-u-nominacija-sliva-skadarskog-jezera-za-unesco-podrzava-odrzivi-razvoj\/\">RTCG: Nominacija sliva Skadarskog jezera za UNESCO podr\u017eava odr\u017eivi razvoj<\/a><\/h2><div class=\"w-hwrapper usg_hwrapper_2 has_text_color align_center valign_top wrap\"><time class=\"w-post-elm post_date usg_post_date_1 entry-date published\" datetime=\"2025-08-04T14:54:21+01:00\" title=\"4 Augusta 2025 u 14:54:21 Europe\/London\">prije 8 mjeseci<\/time><\/div><div class=\"w-post-elm post_content usg_post_content_1\">Sa zadovoljstvom dijelimo snimak emisije posve\u0107ene nominaciji basena Skadarskog jezera za prekograni\u010dni UNESCO rezervat biosfere. U razgovoru na RTCG, Ana&hellip;<\/div><\/div>\t\t<\/div>\r\n\t<\/article>\r\n\t<article class=\"w-grid-item size_1x1 post-1646 post type-post status-publish format-standard has-post-thumbnail hentry category-vijesti\" data-id=\"1646\">\r\n\t\t<div class=\"w-grid-item-h\">\r\n\t\t\t\t\t\t<div class=\"w-post-elm post_image usg_post_image_1 stretched\"><a href=\"https:\/\/skadarlake-tbr.org\/bs\/mediji-prepoznali-znacaj-kandidature-skadarskog-jezera-za-unesco\/\" aria-label=\"Mediji prepoznali zna\u010daj kandidature Skadarskog jezera za UNESCO\"><img loading=\"lazy\" decoding=\"async\" width=\"1024\" height=\"683\" src=\"https:\/\/skadarlake-tbr.org\/wp-content\/uploads\/2023\/12\/awesome-view-of-skadar-lake-surrounded-by-green-mo-2021-08-29-23-19-25-utc-1024x683.jpg\" class=\"attachment-large size-large wp-post-image\" alt=\"\" srcset=\"https:\/\/skadarlake-tbr.org\/wp-content\/uploads\/2023\/12\/awesome-view-of-skadar-lake-surrounded-by-green-mo-2021-08-29-23-19-25-utc-1024x683.jpg 1024w, https:\/\/skadarlake-tbr.org\/wp-content\/uploads\/2023\/12\/awesome-view-of-skadar-lake-surrounded-by-green-mo-2021-08-29-23-19-25-utc-300x200.jpg 300w\" sizes=\"auto, (max-width: 1024px) 100vw, 1024px\" \/><\/a><\/div><div class=\"w-vwrapper usg_vwrapper_1 align_center valign_top\"><h2 class=\"w-post-elm post_title usg_post_title_1 entry-title color_link_inherit\"><a href=\"https:\/\/skadarlake-tbr.org\/bs\/mediji-prepoznali-znacaj-kandidature-skadarskog-jezera-za-unesco\/\">Mediji prepoznali zna\u010daj kandidature Skadarskog jezera za UNESCO<\/a><\/h2><div class=\"w-hwrapper usg_hwrapper_2 has_text_color align_center valign_top wrap\"><time class=\"w-post-elm post_date usg_post_date_1 entry-date published\" datetime=\"2025-08-04T14:35:34+01:00\" title=\"4 Augusta 2025 u 14:35:34 Europe\/London\">prije 8 mjeseci<\/time><\/div><div class=\"w-post-elm post_content usg_post_content_1\">Kandidatura sliva Skadarskog jezera za UNESCO program \u201e\u010covjek i biosfera\u201c izazvala je sna\u017enu pa\u017enju doma\u0107e javnosti i medija. Brojni relevantni&hellip;<\/div><\/div>\t\t<\/div>\r\n\t<\/article>\r\n\t<article class=\"w-grid-item size_1x1 post-1642 post type-post status-publish format-standard has-post-thumbnail hentry category-vijesti\" data-id=\"1642\">\r\n\t\t<div class=\"w-grid-item-h\">\r\n\t\t\t\t\t\t<div class=\"w-post-elm post_image usg_post_image_1 stretched\"><a href=\"https:\/\/skadarlake-tbr.org\/bs\/zavrsna-konferencija-snaga-zajednistva-za-buducnost-regiona-biosfere\/\" aria-label=\"ZAVR\u0160NA KONFERENCIJA \u2013 SNAGA ZAJEDNI\u0160TVA ZA BUDU\u0106NOST REGIONA BIOSFERE\"><img loading=\"lazy\" decoding=\"async\" width=\"1024\" height=\"683\" src=\"https:\/\/skadarlake-tbr.org\/wp-content\/uploads\/2025\/08\/0P3A8085-1024x683.jpg\" class=\"attachment-large size-large wp-post-image\" alt=\"\" srcset=\"https:\/\/skadarlake-tbr.org\/wp-content\/uploads\/2025\/08\/0P3A8085-1024x683.jpg 1024w, https:\/\/skadarlake-tbr.org\/wp-content\/uploads\/2025\/08\/0P3A8085-300x200.jpg 300w\" sizes=\"auto, (max-width: 1024px) 100vw, 1024px\" \/><\/a><\/div><div class=\"w-vwrapper usg_vwrapper_1 align_center valign_top\"><h2 class=\"w-post-elm post_title usg_post_title_1 entry-title color_link_inherit\"><a href=\"https:\/\/skadarlake-tbr.org\/bs\/zavrsna-konferencija-snaga-zajednistva-za-buducnost-regiona-biosfere\/\">ZAVR\u0160NA KONFERENCIJA \u2013 SNAGA ZAJEDNI\u0160TVA ZA BUDU\u0106NOST REGIONA BIOSFERE<\/a><\/h2><div class=\"w-hwrapper usg_hwrapper_2 has_text_color align_center valign_top wrap\"><time class=\"w-post-elm post_date usg_post_date_1 entry-date published\" datetime=\"2025-08-04T14:29:57+01:00\" title=\"4 Augusta 2025 u 14:29:57 Europe\/London\">prije 8 mjeseci<\/time><\/div><div class=\"w-post-elm post_content usg_post_content_1\">Sliv Skadarskog jezera, 29.07.2025 Govornici na visokom nivou, uklju\u010duju\u0107i ambasadora EU Johann Sattlera i dr\u017eavnog sekretara Nenada Vitomirovi\u0107a, brojni lokalni&hellip;<\/div><\/div>\t\t<\/div>\r\n\t<\/article>\r\n\t<article class=\"w-grid-item size_1x1 post-1632 post type-post status-publish format-standard has-post-thumbnail hentry category-vijesti\" data-id=\"1632\">\r\n\t\t<div class=\"w-grid-item-h\">\r\n\t\t\t\t\t\t<div class=\"w-post-elm post_image usg_post_image_1 stretched\"><a href=\"https:\/\/skadarlake-tbr.org\/bs\/dan-evropskih-parkova-ekovizija\/\" aria-label=\"Dan evropskih parkova \u2013 EKOVIZIJA\"><img loading=\"lazy\" decoding=\"async\" width=\"1024\" height=\"682\" src=\"https:\/\/skadarlake-tbr.org\/wp-content\/uploads\/2025\/06\/Screenshot-2025-08-08-072648-e1754630888857-1024x682.png\" class=\"attachment-large size-large wp-post-image\" alt=\"\" srcset=\"https:\/\/skadarlake-tbr.org\/wp-content\/uploads\/2025\/06\/Screenshot-2025-08-08-072648-e1754630888857-1024x682.png 1024w, https:\/\/skadarlake-tbr.org\/wp-content\/uploads\/2025\/06\/Screenshot-2025-08-08-072648-e1754630888857-300x200.png 300w, https:\/\/skadarlake-tbr.org\/wp-content\/uploads\/2025\/06\/Screenshot-2025-08-08-072648-e1754630888857.png 1574w\" sizes=\"auto, (max-width: 1024px) 100vw, 1024px\" \/><\/a><\/div><div class=\"w-vwrapper usg_vwrapper_1 align_center valign_top\"><h2 class=\"w-post-elm post_title usg_post_title_1 entry-title color_link_inherit\"><a href=\"https:\/\/skadarlake-tbr.org\/bs\/dan-evropskih-parkova-ekovizija\/\">Dan evropskih parkova \u2013 EKOVIZIJA<\/a><\/h2><div class=\"w-hwrapper usg_hwrapper_2 has_text_color align_center valign_top wrap\"><time class=\"w-post-elm post_date usg_post_date_1 entry-date published\" datetime=\"2025-06-22T12:03:21+01:00\" title=\"22 Juna 2025 u 12:03:21 Europe\/London\">prije 10 mjeseci<\/time><\/div><div class=\"w-post-elm post_content usg_post_content_1\">Pogledajte kako je obilje\u017een Dan evropskih parkova kroz aktivnosti posve\u0107ene za\u0161titi prirode, o\u010duvanju biodiverziteta i podizanju ekolo\u0161ke svijesti. U videu&hellip;<\/div><\/div>\t\t<\/div>\r\n\t<\/article>\r\n\t<article class=\"w-grid-item size_1x1 post-1506 post type-post status-publish format-standard has-post-thumbnail hentry category-vijesti\" data-id=\"1506\">\r\n\t\t<div class=\"w-grid-item-h\">\r\n\t\t\t\t\t\t<div class=\"w-post-elm post_image usg_post_image_1 stretched\"><a href=\"https:\/\/skadarlake-tbr.org\/bs\/ana-katnic-za-portal-zumiraj-podrska-odrzivom-razvoju-preduslov-ocuvanja-zivotne-sredine-i-dobrobiti-ljudi\/\" aria-label=\"Ana Katni\u0107 za portal \u201cZumiraj\u201d: Podr\u0161ka odr\u017eivom razvoju preduslov o\u010duvanja \u017eivotne sredine i dobrobiti ljudi\"><img loading=\"lazy\" decoding=\"async\" width=\"1024\" height=\"682\" src=\"https:\/\/skadarlake-tbr.org\/wp-content\/uploads\/2024\/10\/Screenshot_20241022_182119_com.gbox_.android_edit_28962798244626-1024x616-1-1024x682.jpg\" class=\"attachment-large size-large wp-post-image\" alt=\"\" srcset=\"https:\/\/skadarlake-tbr.org\/wp-content\/uploads\/2024\/10\/Screenshot_20241022_182119_com.gbox_.android_edit_28962798244626-1024x616-1-1024x682.jpg 1024w, https:\/\/skadarlake-tbr.org\/wp-content\/uploads\/2024\/10\/Screenshot_20241022_182119_com.gbox_.android_edit_28962798244626-1024x616-1-300x200.jpg 300w, https:\/\/skadarlake-tbr.org\/wp-content\/uploads\/2024\/10\/Screenshot_20241022_182119_com.gbox_.android_edit_28962798244626-1024x616-1.jpg 1805w\" sizes=\"auto, (max-width: 1024px) 100vw, 1024px\" \/><\/a><\/div><div class=\"w-vwrapper usg_vwrapper_1 align_center valign_top\"><h2 class=\"w-post-elm post_title usg_post_title_1 entry-title color_link_inherit\"><a href=\"https:\/\/skadarlake-tbr.org\/bs\/ana-katnic-za-portal-zumiraj-podrska-odrzivom-razvoju-preduslov-ocuvanja-zivotne-sredine-i-dobrobiti-ljudi\/\">Ana Katni\u0107 za portal \u201cZumiraj\u201d: Podr\u0161ka odr\u017eivom razvoju preduslov o\u010duvanja \u017eivotne sredine i dobrobiti ljudi<\/a><\/h2><div class=\"w-hwrapper usg_hwrapper_2 has_text_color align_center valign_top wrap\"><time class=\"w-post-elm post_date usg_post_date_1 entry-date published\" datetime=\"2024-10-24T13:29:44+01:00\" title=\"24 Oktobra 2024 u 13:29:44 Europe\/London\">prije 1 godina<\/time><\/div><div class=\"w-post-elm post_content usg_post_content_1\">Pro\u0161log mjeseca, ta\u010dnije 20. septembra, Crna Gora je obilje\u017eila 33. godine od kada je Skup\u0161tina na \u017dabljaku usvojila Deklaraciju o&hellip;<\/div><\/div>\t\t<\/div>\r\n\t<\/article>\r\n\t<article class=\"w-grid-item size_1x1 post-1492 post type-post status-publish format-standard has-post-thumbnail hentry category-vijesti\" data-id=\"1492\">\r\n\t\t<div class=\"w-grid-item-h\">\r\n\t\t\t\t\t\t<div class=\"w-post-elm post_image usg_post_image_1 stretched\"><a href=\"https:\/\/skadarlake-tbr.org\/bs\/albanija-je-uspjesno-zakljucila-seriju-od-tri-nacionalne-radionice-oznacavajuci-znacajan-korak-ka-ukljucivanju-skadarskog-jezera-u-unesco\/\" aria-label=\"Albanija je uspje\u0161no zaklju\u010dila seriju od tri nacionalne radionice, ozna\u010davajuc\u0301i zna\u010dajan korak ka uklju\u010divanju Skadarskog jezera u UNESCO!\"><img loading=\"lazy\" decoding=\"async\" width=\"1024\" height=\"683\" src=\"https:\/\/skadarlake-tbr.org\/wp-content\/uploads\/2024\/10\/IMG_7945-1024x683.jpg\" class=\"attachment-large size-large wp-post-image\" alt=\"\" srcset=\"https:\/\/skadarlake-tbr.org\/wp-content\/uploads\/2024\/10\/IMG_7945-1024x683.jpg 1024w, https:\/\/skadarlake-tbr.org\/wp-content\/uploads\/2024\/10\/IMG_7945-300x200.jpg 300w\" sizes=\"auto, (max-width: 1024px) 100vw, 1024px\" \/><\/a><\/div><div class=\"w-vwrapper usg_vwrapper_1 align_center valign_top\"><h2 class=\"w-post-elm post_title usg_post_title_1 entry-title color_link_inherit\"><a href=\"https:\/\/skadarlake-tbr.org\/bs\/albanija-je-uspjesno-zakljucila-seriju-od-tri-nacionalne-radionice-oznacavajuci-znacajan-korak-ka-ukljucivanju-skadarskog-jezera-u-unesco\/\">Albanija je uspje\u0161no zaklju\u010dila seriju od tri nacionalne radionice, ozna\u010davajuc\u0301i zna\u010dajan korak ka uklju\u010divanju Skadarskog jezera u UNESCO!<\/a><\/h2><div class=\"w-hwrapper usg_hwrapper_2 has_text_color align_center valign_top wrap\"><time class=\"w-post-elm post_date usg_post_date_1 entry-date published\" datetime=\"2024-10-01T09:04:34+01:00\" title=\"1 Oktobra 2024 u 09:04:34 Europe\/London\">prije 2 godine<\/time><\/div><div class=\"w-post-elm post_content usg_post_content_1\">Proces u\u010de\u0161c\u0301a, koji uklju\u010duje lokalne zainteresovane strane, zapo\u010deo je u Skadru od 29. do 31. maja 2024. Tokom tri intenzivna&hellip;<\/div><\/div>\t\t<\/div>\r\n\t<\/article>\r\n\t<article class=\"w-grid-item size_1x1 post-1368 post type-post status-publish format-standard has-post-thumbnail hentry category-vijesti\" data-id=\"1368\">\r\n\t\t<div class=\"w-grid-item-h\">\r\n\t\t\t\t\t\t<div class=\"w-post-elm post_image usg_post_image_1 stretched\"><a href=\"https:\/\/skadarlake-tbr.org\/bs\/trodnevni-dogadaj-u-podgorici-o-odrzivim-praksama-i-inovativnim-modelima-upravljanja-rezervatima-biosfere\/\" aria-label=\"Trodnevni doga\u0111aj u Podgorici o odr\u017eivim praksama i inovativnim modelima upravljanja rezervatima biosfere\"><img loading=\"lazy\" decoding=\"async\" width=\"1024\" height=\"643\" src=\"https:\/\/skadarlake-tbr.org\/wp-content\/uploads\/2024\/09\/1727108356970-1024x643.jpg\" class=\"attachment-large size-large wp-post-image\" alt=\"\" srcset=\"https:\/\/skadarlake-tbr.org\/wp-content\/uploads\/2024\/09\/1727108356970-1024x643.jpg 1024w, https:\/\/skadarlake-tbr.org\/wp-content\/uploads\/2024\/09\/1727108356970-300x188.jpg 300w, https:\/\/skadarlake-tbr.org\/wp-content\/uploads\/2024\/09\/1727108356970.jpg 1440w\" sizes=\"auto, (max-width: 1024px) 100vw, 1024px\" \/><\/a><\/div><div class=\"w-vwrapper usg_vwrapper_1 align_center valign_top\"><h2 class=\"w-post-elm post_title usg_post_title_1 entry-title color_link_inherit\"><a href=\"https:\/\/skadarlake-tbr.org\/bs\/trodnevni-dogadaj-u-podgorici-o-odrzivim-praksama-i-inovativnim-modelima-upravljanja-rezervatima-biosfere\/\">Trodnevni doga\u0111aj u Podgorici o odr\u017eivim praksama i inovativnim modelima upravljanja rezervatima biosfere<\/a><\/h2><div class=\"w-hwrapper usg_hwrapper_2 has_text_color align_center valign_top wrap\"><time class=\"w-post-elm post_date usg_post_date_1 entry-date published\" datetime=\"2024-09-30T11:11:00+01:00\" title=\"30 Septembra 2024 u 11:11:00 Europe\/London\">prije 2 godine<\/time><\/div><div class=\"w-post-elm post_content usg_post_content_1\">Zavr\u0161ili smo inspirativni trodnevni doga\u0111aj u Podgorici o odr\u017eivim praksama i inovativnim modelima upravljanja rezervatima biosfere. \u25b6 Evo rezimea nekih&hellip;<\/div><\/div>\t\t<\/div>\r\n\t<\/article>\r\n\t<article class=\"w-grid-item size_1x1 post-1316 post type-post status-publish format-standard has-post-thumbnail hentry category-vijesti\" data-id=\"1316\">\r\n\t\t<div class=\"w-grid-item-h\">\r\n\t\t\t\t\t\t<div class=\"w-post-elm post_image usg_post_image_1 stretched\"><a href=\"https:\/\/skadarlake-tbr.org\/bs\/treca-nacionalna-radionica-o-uspostavljanju-prekogranicnog-rezervata-biosfere-sliva-skadarskog-jezera-odrzana-je-od-2-4-jula\/\" aria-label=\"Tre\u0107a nacionalna radionica o uspostavljanju prekograni\u010dnog rezervata biosfere sliva Skadarskog jezera odr\u017eana je od 2-4. jula\"><img loading=\"lazy\" decoding=\"async\" width=\"1024\" height=\"666\" src=\"https:\/\/skadarlake-tbr.org\/wp-content\/uploads\/2024\/07\/1720865998119-1024x666.jpg\" class=\"attachment-large size-large wp-post-image\" alt=\"\" srcset=\"https:\/\/skadarlake-tbr.org\/wp-content\/uploads\/2024\/07\/1720865998119-1024x666.jpg 1024w, https:\/\/skadarlake-tbr.org\/wp-content\/uploads\/2024\/07\/1720865998119-300x195.jpg 300w, https:\/\/skadarlake-tbr.org\/wp-content\/uploads\/2024\/07\/1720865998119.jpg 1406w\" sizes=\"auto, (max-width: 1024px) 100vw, 1024px\" \/><\/a><\/div><div class=\"w-vwrapper usg_vwrapper_1 align_center valign_top\"><h2 class=\"w-post-elm post_title usg_post_title_1 entry-title color_link_inherit\"><a href=\"https:\/\/skadarlake-tbr.org\/bs\/treca-nacionalna-radionica-o-uspostavljanju-prekogranicnog-rezervata-biosfere-sliva-skadarskog-jezera-odrzana-je-od-2-4-jula\/\">Tre\u0107a nacionalna radionica o uspostavljanju prekograni\u010dnog rezervata biosfere sliva Skadarskog jezera odr\u017eana je od 2-4. jula<\/a><\/h2><div class=\"w-hwrapper usg_hwrapper_2 has_text_color align_center valign_top wrap\"><time class=\"w-post-elm post_date usg_post_date_1 entry-date published\" datetime=\"2024-07-30T08:11:43+01:00\" title=\"30 Jula 2024 u 08:11:43 Europe\/London\">prije 2 godine<\/time><\/div><div class=\"w-post-elm post_content usg_post_content_1\">Klju\u010dne radne oblasti bile su: &#8211; Prvi dan: Razumijevanje funkcija UNESCO MAB rezervata i identifikacija prioritetnih prijetnji. &#8211; Drugi dan:&hellip;<\/div><\/div>\t\t<\/div>\r\n\t<\/article>\r\n<\/div><div class=\"w-grid-preloader\">\t<div class=\"g-preloader type_1\">\r\n\t\t<div><\/div>\r\n\t<\/div>\r\n\t<\/div>\t\t\t<div class=\"g-loadmore \">\r\n\t\t\t\t<div class=\"g-preloader type_1\">\r\n\t\t\t\t\t<div><\/div>\r\n\t\t\t\t<\/div>\r\n\t\t\t\t<button class=\"w-btn us-btn-style_1\">\r\n\t\t\t\t\t<span class=\"w-btn-label\">Load More<\/span>\r\n\t\t\t\t<\/button>\r\n\t\t\t<\/div>\r\n\t\t\t\t<div class=\"w-grid-json hidden\" onclick='return {&quot;action&quot;:&quot;us_ajax_grid&quot;,&quot;ajax_url&quot;:&quot;https:\\\/\\\/skadarlake-tbr.org\\\/wp-admin\\\/admin-ajax.php&quot;,&quot;infinite_scroll&quot;:true,&quot;max_num_pages&quot;:2,&quot;pagination&quot;:&quot;ajax&quot;,&quot;template_vars&quot;:{&quot;columns&quot;:&quot;3&quot;,&quot;exclude_items&quot;:&quot;none&quot;,&quot;img_size&quot;:&quot;default&quot;,&quot;ignore_items_size&quot;:0,&quot;items_layout&quot;:&quot;1171&quot;,&quot;items_offset&quot;:&quot;1&quot;,&quot;load_animation&quot;:&quot;none&quot;,&quot;overriding_link&quot;:&quot;%7B%22url%22%3A%22%22%7D&quot;,&quot;post_id&quot;:0,&quot;query_args&quot;:{&quot;post_type&quot;:[&quot;post&quot;],&quot;tax_query&quot;:[{&quot;taxonomy&quot;:&quot;category&quot;,&quot;field&quot;:&quot;slug&quot;,&quot;terms&quot;:[&quot;vijesti&quot;]}],&quot;post_status&quot;:[&quot;publish&quot;,&quot;acf-disabled&quot;],&quot;posts_per_page&quot;:&quot;10&quot;},&quot;orderby_query_args&quot;:{&quot;orderby&quot;:{&quot;date&quot;:&quot;DESC&quot;}},&quot;type&quot;:&quot;grid&quot;,&quot;us_grid_ajax_index&quot;:1,&quot;us_grid_filter_params&quot;:[],&quot;us_grid_index&quot;:1,&quot;_us_grid_post_type&quot;:&quot;post&quot;,&quot;page_args&quot;:[],&quot;lang&quot;:&quot;bs&quot;}}'><\/div>\r\n\t<\/div><\/div><\/div><\/div><\/div><\/section>\n","protected":false},"excerpt":{"rendered":"Klju\u010dne radne oblasti bile su: - Prvi dan: Razumijevanje funkcija UNESCO MAB rezervata i identifikacija prioritetnih prijetnji. - Drugi dan: Rje\u0161avanje zajedni\u010dkih izazova i uskla\u0111ivanje strategija za budu\u0107i mandat rezervata biosfere. - Tre\u0107i dan: Razvijanje komunikacijskih i obrazovnih strategija za budu\u0107i rezervat. Kolaborativno planiranje sa 9 op\u0161tina, 3 ministarstva i 6 direkcijau sektorima: za\u0161tita \u017eivotne...","protected":false},"author":1,"featured_media":538,"parent":0,"menu_order":0,"comment_status":"closed","ping_status":"closed","template":"","meta":{"om_disable_all_campaigns":false,"_monsterinsights_skip_tracking":false,"_monsterinsights_sitenote_active":false,"_monsterinsights_sitenote_note":"","_monsterinsights_sitenote_category":0,"_uf_show_specific_survey":0,"_uf_disable_surveys":false,"footnotes":""},"categories":[],"tags":[],"class_list":["post-798","page","type-page","status-publish","has-post-thumbnail","hentry"],"acf":[],"aioseo_notices":[],"_links":{"self":[{"href":"https:\/\/skadarlake-tbr.org\/bs\/wp-json\/wp\/v2\/pages\/798","targetHints":{"allow":["GET"]}}],"collection":[{"href":"https:\/\/skadarlake-tbr.org\/bs\/wp-json\/wp\/v2\/pages"}],"about":[{"href":"https:\/\/skadarlake-tbr.org\/bs\/wp-json\/wp\/v2\/types\/page"}],"author":[{"embeddable":true,"href":"https:\/\/skadarlake-tbr.org\/bs\/wp-json\/wp\/v2\/users\/1"}],"replies":[{"embeddable":true,"href":"https:\/\/skadarlake-tbr.org\/bs\/wp-json\/wp\/v2\/comments?post=798"}],"version-history":[{"count":3,"href":"https:\/\/skadarlake-tbr.org\/bs\/wp-json\/wp\/v2\/pages\/798\/revisions"}],"predecessor-version":[{"id":1172,"href":"https:\/\/skadarlake-tbr.org\/bs\/wp-json\/wp\/v2\/pages\/798\/revisions\/1172"}],"wp:featuredmedia":[{"embeddable":true,"href":"https:\/\/skadarlake-tbr.org\/bs\/wp-json\/wp\/v2\/media\/538"}],"wp:attachment":[{"href":"https:\/\/skadarlake-tbr.org\/bs\/wp-json\/wp\/v2\/media?parent=798"}],"wp:term":[{"taxonomy":"category","embeddable":true,"href":"https:\/\/skadarlake-tbr.org\/bs\/wp-json\/wp\/v2\/categories?post=798"},{"taxonomy":"post_tag","embeddable":true,"href":"https:\/\/skadarlake-tbr.org\/bs\/wp-json\/wp\/v2\/tags?post=798"}],"curies":[{"name":"wp","href":"https:\/\/api.w.org\/{rel}","templated":true}]}}