{"id":865,"date":"2023-12-06T18:14:57","date_gmt":"2023-12-06T18:14:57","guid":{"rendered":"https:\/\/skadarlake-tbr.org\/ku-po-punojme\/description-of-the-area\/"},"modified":"2023-12-19T15:33:16","modified_gmt":"2023-12-19T15:33:16","slug":"pershkrimi-i-zones","status":"publish","type":"page","link":"https:\/\/skadarlake-tbr.org\/sq\/ku-po-punojme\/pershkrimi-i-zones\/","title":{"rendered":"P\u00ebrshkrimi i zon\u00ebs"},"content":{"rendered":"<section class=\"l-section wpb_row height_custom\"><div class=\"l-section-h i-cf\"><div class=\"g-cols vc_row via_grid cols_1 laptops-cols_inherit tablets-cols_inherit mobiles-cols_1 valign_top type_default stacking_default\"><div class=\"wpb_column vc_column_container us_custom_e9d14fdd\"><div class=\"vc_column-inner\"><div class=\"wpb_text_column\"><div class=\"wpb_wrapper\"><p><strong>Rezerva e Biospfer\u00ebs konsideron k\u00ebto Bashki n\u00eb Shqip\u00ebri dhe Mal t\u00eb Zi: \u00a0<\/strong><\/p>\n<div id=\"gtx-trans\" style=\"position: absolute; left: -112px; top: 38.0523px;\">\n<div class=\"gtx-trans-icon\"><\/div>\n<\/div>\n<\/div><\/div><div class=\"w-separator size_medium\"><\/div><div class=\"g-cols wpb_row via_grid cols_2 laptops-cols_inherit tablets-cols_inherit mobiles-cols_1 valign_top type_default stacking_default\" style=\"--gap:3rem;\"><div class=\"wpb_column vc_column_container\"><div class=\"vc_column-inner\"><div class=\"wpb_text_column\"><div class=\"wpb_wrapper\"><p><strong>Shkodra<\/strong> &#8211; <a href=\"http:\/\/bashkiashkoder.gov.al\">bashkiashkoder.gov.al<\/a><\/p>\n<p><strong>Mal\u00ebsia Madhe<\/strong> &#8211; <a href=\"https:\/\/bashkiamalesiemadhe.gov.al\/\">bashkiamalesiemadhe.gov.al<\/a><\/p>\n<p><strong>Podgorica<\/strong> &#8211; <a href=\"https:\/\/podgorica.me\/en\">podgorica.me\/en<\/a><\/p>\n<p><strong>Tuzi<\/strong> &#8211; <a href=\"https:\/\/tuzi.org.me\/cg\/naslovna\/\">tuzi.org.me<\/a><\/p>\n<p><strong>Zeta<\/strong> &#8211; <a href=\"https:\/\/golubovci.me\/\">golubovci.me<\/a><\/p>\n<p><strong>Cetinje<\/strong> &#8211; <a href=\"http:\/\/www.cetinje.me\/\">www.cetinje.me<\/a><\/p>\n<p><strong>Danilovgrad<\/strong> &#8211; <a href=\"https:\/\/www.danilovgrad.me\/\">www.danilovgrad.me<\/a><\/p>\n<p><strong>Bar<\/strong> &#8211; <a href=\"https:\/\/bar.me\/\">bar.me<\/a><\/p>\n<p><strong>Ulcinj<\/strong> &#8211; <a href=\"http:\/\/www.ul-gov.me\/Naslovna\">www.ul-gov.me<\/a><\/p>\n<\/div><\/div><\/div><\/div><div class=\"wpb_column vc_column_container\"><div class=\"vc_column-inner\"><div class=\"wpb_text_column\"><div class=\"wpb_wrapper\"><p><iframe loading=\"lazy\" style=\"border: 1px solid black;\" src=\"https:\/\/www.openstreetmap.org\/export\/embed.html?bbox=18.599173066653915%2C41.982553716321014%2C19.969717500247665%2C42.52028335671366&amp;layer=mapnik\" width=\"100%\" height=\"650\"><span data-mce-type=\"bookmark\" style=\"display: inline-block; width: 0px; overflow: hidden; line-height: 0;\" class=\"mce_SELRES_start\">\ufeff<\/span><\/iframe><br \/>\n<small><a href=\"https:\/\/www.openstreetmap.org\/#map=11\/42.2520\/19.2844\">Show larger map<\/a><\/small><\/p>\n<\/div><\/div><\/div><\/div><\/div><\/div><\/div><\/div><\/div><\/section>\n","protected":false},"excerpt":{"rendered":"Rezerva e Biospfer\u00ebs konsideron k\u00ebto Bashki n\u00eb Shqip\u00ebri dhe Mal t\u00eb Zi: \u00a0 Shkodra &#8211; bashkiashkoder.gov.al Mal\u00ebsia Madhe &#8211; bashkiamalesiemadhe.gov.al Podgorica &#8211; podgorica.me\/en Tuzi &#8211; tuzi.org.me Zeta &#8211; golubovci.me Cetinje &#8211; www.cetinje.me Danilovgrad &#8211; www.danilovgrad.me Bar &#8211; bar.me Ulcinj &#8211; www.ul-gov.me \ufeff Show larger map","protected":false},"author":1,"featured_media":491,"parent":848,"menu_order":1,"comment_status":"closed","ping_status":"closed","template":"","meta":{"om_disable_all_campaigns":false,"_monsterinsights_skip_tracking":false,"_monsterinsights_sitenote_active":false,"_monsterinsights_sitenote_note":"","_monsterinsights_sitenote_category":0,"_uf_show_specific_survey":0,"_uf_disable_surveys":false,"footnotes":""},"categories":[29],"tags":[],"class_list":["post-865","page","type-page","status-publish","has-post-thumbnail","hentry","category-where-we-work-sq"],"acf":[],"aioseo_notices":[],"_links":{"self":[{"href":"https:\/\/skadarlake-tbr.org\/sq\/wp-json\/wp\/v2\/pages\/865","targetHints":{"allow":["GET"]}}],"collection":[{"href":"https:\/\/skadarlake-tbr.org\/sq\/wp-json\/wp\/v2\/pages"}],"about":[{"href":"https:\/\/skadarlake-tbr.org\/sq\/wp-json\/wp\/v2\/types\/page"}],"author":[{"embeddable":true,"href":"https:\/\/skadarlake-tbr.org\/sq\/wp-json\/wp\/v2\/users\/1"}],"replies":[{"embeddable":true,"href":"https:\/\/skadarlake-tbr.org\/sq\/wp-json\/wp\/v2\/comments?post=865"}],"version-history":[{"count":3,"href":"https:\/\/skadarlake-tbr.org\/sq\/wp-json\/wp\/v2\/pages\/865\/revisions"}],"predecessor-version":[{"id":871,"href":"https:\/\/skadarlake-tbr.org\/sq\/wp-json\/wp\/v2\/pages\/865\/revisions\/871"}],"up":[{"embeddable":true,"href":"https:\/\/skadarlake-tbr.org\/sq\/wp-json\/wp\/v2\/pages\/848"}],"wp:featuredmedia":[{"embeddable":true,"href":"https:\/\/skadarlake-tbr.org\/sq\/wp-json\/wp\/v2\/media\/491"}],"wp:attachment":[{"href":"https:\/\/skadarlake-tbr.org\/sq\/wp-json\/wp\/v2\/media?parent=865"}],"wp:term":[{"taxonomy":"category","embeddable":true,"href":"https:\/\/skadarlake-tbr.org\/sq\/wp-json\/wp\/v2\/categories?post=865"},{"taxonomy":"post_tag","embeddable":true,"href":"https:\/\/skadarlake-tbr.org\/sq\/wp-json\/wp\/v2\/tags?post=865"}],"curies":[{"name":"wp","href":"https:\/\/api.w.org\/{rel}","templated":true}]}}